{"id":3237,"date":"2020-10-16T08:38:42","date_gmt":"2020-10-16T08:38:42","guid":{"rendered":"http:\/\/gc-colors.com\/product\/import-placeholder-for-2879"},"modified":"2024-08-14T14:27:45","modified_gmt":"2024-08-14T12:27:45","slug":"chromafer-9870","status":"publish","type":"product","link":"https:\/\/www.gc-colors.com\/fr\/producto\/chromafer-9870\/","title":{"rendered":"ChromaFer 9870"},"content":{"rendered":"","protected":false},"excerpt":{"rendered":"","protected":false},"featured_media":7188,"template":"","meta":[],"product_brand":[],"product_cat":[523,1053,1049,670],"product_tag":[],"class_list":{"0":"post-3237","1":"product","2":"type-product","3":"status-publish","4":"has-post-thumbnail","6":"product_cat-chromafer","7":"product_cat-construccion","8":"product_cat-pigmentos","9":"product_cat-productos","11":"first","12":"instock","13":"shipping-taxable","14":"product-type-simple"},"yoast_head":"<!-- This site is optimized with the Yoast SEO plugin v25.1 - https:\/\/yoast.com\/wordpress\/plugins\/seo\/ -->\n<title>ChromaFer 9870 - G&amp;C Colors, especialistas en la fabricaci\u00f3n de pigmentos inorg\u00e1nicos<\/title>\n<meta name=\"robots\" content=\"index, follow, max-snippet:-1, max-image-preview:large, max-video-preview:-1\" \/>\n<link rel=\"canonical\" href=\"https:\/\/www.gc-colors.com\/fr\/producto\/chromafer-9870\/\" \/>\n<meta property=\"og:locale\" content=\"fr_FR\" \/>\n<meta property=\"og:type\" content=\"article\" \/>\n<meta property=\"og:title\" content=\"ChromaFer 9870 - G&amp;C Colors, especialistas en la fabricaci\u00f3n de pigmentos inorg\u00e1nicos\" \/>\n<meta property=\"og:url\" content=\"https:\/\/www.gc-colors.com\/fr\/producto\/chromafer-9870\/\" \/>\n<meta property=\"og:site_name\" content=\"G&amp;C Colors, especialistas en la fabricaci\u00f3n de pigmentos inorg\u00e1nicos\" \/>\n<meta property=\"article:publisher\" content=\"https:\/\/www.facebook.com\/GCcolors\/\" \/>\n<meta property=\"article:modified_time\" content=\"2024-08-14T12:27:45+00:00\" \/>\n<meta property=\"og:image\" content=\"https:\/\/www.gc-colors.com\/wp-content\/uploads\/2020\/10\/9870-CB.jpg\" \/>\n\t<meta property=\"og:image:width\" content=\"550\" \/>\n\t<meta property=\"og:image:height\" content=\"550\" \/>\n\t<meta property=\"og:image:type\" content=\"image\/jpeg\" \/>\n<meta name=\"twitter:card\" content=\"summary_large_image\" \/>\n<meta name=\"twitter:site\" content=\"@gccolors\" \/>\n<meta name=\"twitter:label1\" content=\"Dur\u00e9e de lecture estim\u00e9e\" \/>\n\t<meta name=\"twitter:data1\" content=\"1 minute\" \/>\n<script type=\"application\/ld+json\" class=\"yoast-schema-graph\">{\"@context\":\"https:\/\/schema.org\",\"@graph\":[{\"@type\":\"WebPage\",\"@id\":\"https:\/\/www.gc-colors.com\/fr\/producto\/chromafer-9870\/\",\"url\":\"https:\/\/www.gc-colors.com\/fr\/producto\/chromafer-9870\/\",\"name\":\"ChromaFer 9870 - G&amp;C Colors, especialistas en la fabricaci\u00f3n de pigmentos inorg\u00e1nicos\",\"isPartOf\":{\"@id\":\"https:\/\/www.gc-colors.com\/fr\/#website\"},\"primaryImageOfPage\":{\"@id\":\"https:\/\/www.gc-colors.com\/fr\/producto\/chromafer-9870\/#primaryimage\"},\"image\":{\"@id\":\"https:\/\/www.gc-colors.com\/fr\/producto\/chromafer-9870\/#primaryimage\"},\"thumbnailUrl\":\"https:\/\/www.gc-colors.com\/wp-content\/uploads\/2020\/10\/9870-CB.jpg\",\"datePublished\":\"2020-10-16T08:38:42+00:00\",\"dateModified\":\"2024-08-14T12:27:45+00:00\",\"breadcrumb\":{\"@id\":\"https:\/\/www.gc-colors.com\/fr\/producto\/chromafer-9870\/#breadcrumb\"},\"inLanguage\":\"fr-FR\",\"potentialAction\":[{\"@type\":\"ReadAction\",\"target\":[\"https:\/\/www.gc-colors.com\/fr\/producto\/chromafer-9870\/\"]}]},{\"@type\":\"ImageObject\",\"inLanguage\":\"fr-FR\",\"@id\":\"https:\/\/www.gc-colors.com\/fr\/producto\/chromafer-9870\/#primaryimage\",\"url\":\"https:\/\/www.gc-colors.com\/wp-content\/uploads\/2020\/10\/9870-CB.jpg\",\"contentUrl\":\"https:\/\/www.gc-colors.com\/wp-content\/uploads\/2020\/10\/9870-CB.jpg\",\"width\":550,\"height\":550},{\"@type\":\"BreadcrumbList\",\"@id\":\"https:\/\/www.gc-colors.com\/fr\/producto\/chromafer-9870\/#breadcrumb\",\"itemListElement\":[{\"@type\":\"ListItem\",\"position\":1,\"name\":\"Portada\",\"item\":\"https:\/\/www.gc-colors.com\/fr\/\"},{\"@type\":\"ListItem\",\"position\":2,\"name\":\"Produits\",\"item\":\"https:\/\/www.gc-colors.com\/fr\/shop\/\"},{\"@type\":\"ListItem\",\"position\":3,\"name\":\"ChromaFer 9870\"}]},{\"@type\":\"WebSite\",\"@id\":\"https:\/\/www.gc-colors.com\/fr\/#website\",\"url\":\"https:\/\/www.gc-colors.com\/fr\/\",\"name\":\"G&c Colors, especialistas en la fabricaci\u00f3n de pigmentos inorg\u00e1nicos\",\"description\":\"Especialistas en la fabricaci\u00f3n de pigmentos inorg\u00e1nicos\",\"publisher\":{\"@id\":\"https:\/\/www.gc-colors.com\/fr\/#organization\"},\"potentialAction\":[{\"@type\":\"SearchAction\",\"target\":{\"@type\":\"EntryPoint\",\"urlTemplate\":\"https:\/\/www.gc-colors.com\/fr\/?s={search_term_string}\"},\"query-input\":{\"@type\":\"PropertyValueSpecification\",\"valueRequired\":true,\"valueName\":\"search_term_string\"}}],\"inLanguage\":\"fr-FR\"},{\"@type\":\"Organization\",\"@id\":\"https:\/\/www.gc-colors.com\/fr\/#organization\",\"name\":\"GC-Colors\",\"url\":\"https:\/\/www.gc-colors.com\/fr\/\",\"logo\":{\"@type\":\"ImageObject\",\"inLanguage\":\"fr-FR\",\"@id\":\"https:\/\/www.gc-colors.com\/fr\/#\/schema\/logo\/image\/\",\"url\":\"https:\/\/www.gc-colors.com\/wp-content\/uploads\/2024\/03\/LOGO.png\",\"contentUrl\":\"https:\/\/www.gc-colors.com\/wp-content\/uploads\/2024\/03\/LOGO.png\",\"width\":163,\"height\":67,\"caption\":\"GC-Colors\"},\"image\":{\"@id\":\"https:\/\/www.gc-colors.com\/fr\/#\/schema\/logo\/image\/\"},\"sameAs\":[\"https:\/\/www.facebook.com\/GCcolors\/\",\"https:\/\/x.com\/gccolors\",\"https:\/\/www.linkedin.com\/company\/gyccolors?originalSubdomain=es\"]}]}<\/script>\n<!-- \/ Yoast SEO plugin. -->","yoast_head_json":{"title":"ChromaFer 9870 - G&amp;C Colors, especialistas en la fabricaci\u00f3n de pigmentos inorg\u00e1nicos","robots":{"index":"index","follow":"follow","max-snippet":"max-snippet:-1","max-image-preview":"max-image-preview:large","max-video-preview":"max-video-preview:-1"},"canonical":"https:\/\/www.gc-colors.com\/fr\/producto\/chromafer-9870\/","og_locale":"fr_FR","og_type":"article","og_title":"ChromaFer 9870 - G&amp;C Colors, especialistas en la fabricaci\u00f3n de pigmentos inorg\u00e1nicos","og_url":"https:\/\/www.gc-colors.com\/fr\/producto\/chromafer-9870\/","og_site_name":"G&amp;C Colors, especialistas en la fabricaci\u00f3n de pigmentos inorg\u00e1nicos","article_publisher":"https:\/\/www.facebook.com\/GCcolors\/","article_modified_time":"2024-08-14T12:27:45+00:00","og_image":[{"width":550,"height":550,"url":"https:\/\/www.gc-colors.com\/wp-content\/uploads\/2020\/10\/9870-CB.jpg","type":"image\/jpeg"}],"twitter_card":"summary_large_image","twitter_site":"@gccolors","twitter_misc":{"Dur\u00e9e de lecture estim\u00e9e":"1 minute"},"schema":{"@context":"https:\/\/schema.org","@graph":[{"@type":"WebPage","@id":"https:\/\/www.gc-colors.com\/fr\/producto\/chromafer-9870\/","url":"https:\/\/www.gc-colors.com\/fr\/producto\/chromafer-9870\/","name":"ChromaFer 9870 - G&amp;C Colors, especialistas en la fabricaci\u00f3n de pigmentos inorg\u00e1nicos","isPartOf":{"@id":"https:\/\/www.gc-colors.com\/fr\/#website"},"primaryImageOfPage":{"@id":"https:\/\/www.gc-colors.com\/fr\/producto\/chromafer-9870\/#primaryimage"},"image":{"@id":"https:\/\/www.gc-colors.com\/fr\/producto\/chromafer-9870\/#primaryimage"},"thumbnailUrl":"https:\/\/www.gc-colors.com\/wp-content\/uploads\/2020\/10\/9870-CB.jpg","datePublished":"2020-10-16T08:38:42+00:00","dateModified":"2024-08-14T12:27:45+00:00","breadcrumb":{"@id":"https:\/\/www.gc-colors.com\/fr\/producto\/chromafer-9870\/#breadcrumb"},"inLanguage":"fr-FR","potentialAction":[{"@type":"ReadAction","target":["https:\/\/www.gc-colors.com\/fr\/producto\/chromafer-9870\/"]}]},{"@type":"ImageObject","inLanguage":"fr-FR","@id":"https:\/\/www.gc-colors.com\/fr\/producto\/chromafer-9870\/#primaryimage","url":"https:\/\/www.gc-colors.com\/wp-content\/uploads\/2020\/10\/9870-CB.jpg","contentUrl":"https:\/\/www.gc-colors.com\/wp-content\/uploads\/2020\/10\/9870-CB.jpg","width":550,"height":550},{"@type":"BreadcrumbList","@id":"https:\/\/www.gc-colors.com\/fr\/producto\/chromafer-9870\/#breadcrumb","itemListElement":[{"@type":"ListItem","position":1,"name":"Portada","item":"https:\/\/www.gc-colors.com\/fr\/"},{"@type":"ListItem","position":2,"name":"Produits","item":"https:\/\/www.gc-colors.com\/fr\/shop\/"},{"@type":"ListItem","position":3,"name":"ChromaFer 9870"}]},{"@type":"WebSite","@id":"https:\/\/www.gc-colors.com\/fr\/#website","url":"https:\/\/www.gc-colors.com\/fr\/","name":"G&c Colors, especialistas en la fabricaci\u00f3n de pigmentos inorg\u00e1nicos","description":"Especialistas en la fabricaci\u00f3n de pigmentos inorg\u00e1nicos","publisher":{"@id":"https:\/\/www.gc-colors.com\/fr\/#organization"},"potentialAction":[{"@type":"SearchAction","target":{"@type":"EntryPoint","urlTemplate":"https:\/\/www.gc-colors.com\/fr\/?s={search_term_string}"},"query-input":{"@type":"PropertyValueSpecification","valueRequired":true,"valueName":"search_term_string"}}],"inLanguage":"fr-FR"},{"@type":"Organization","@id":"https:\/\/www.gc-colors.com\/fr\/#organization","name":"GC-Colors","url":"https:\/\/www.gc-colors.com\/fr\/","logo":{"@type":"ImageObject","inLanguage":"fr-FR","@id":"https:\/\/www.gc-colors.com\/fr\/#\/schema\/logo\/image\/","url":"https:\/\/www.gc-colors.com\/wp-content\/uploads\/2024\/03\/LOGO.png","contentUrl":"https:\/\/www.gc-colors.com\/wp-content\/uploads\/2024\/03\/LOGO.png","width":163,"height":67,"caption":"GC-Colors"},"image":{"@id":"https:\/\/www.gc-colors.com\/fr\/#\/schema\/logo\/image\/"},"sameAs":["https:\/\/www.facebook.com\/GCcolors\/","https:\/\/x.com\/gccolors","https:\/\/www.linkedin.com\/company\/gyccolors?originalSubdomain=es"]}]}},"_links":{"self":[{"href":"https:\/\/www.gc-colors.com\/fr\/wp-json\/wp\/v2\/product\/3237","targetHints":{"allow":["GET"]}}],"collection":[{"href":"https:\/\/www.gc-colors.com\/fr\/wp-json\/wp\/v2\/product"}],"about":[{"href":"https:\/\/www.gc-colors.com\/fr\/wp-json\/wp\/v2\/types\/product"}],"version-history":[{"count":2,"href":"https:\/\/www.gc-colors.com\/fr\/wp-json\/wp\/v2\/product\/3237\/revisions"}],"predecessor-version":[{"id":6201,"href":"https:\/\/www.gc-colors.com\/fr\/wp-json\/wp\/v2\/product\/3237\/revisions\/6201"}],"wp:featuredmedia":[{"embeddable":true,"href":"https:\/\/www.gc-colors.com\/fr\/wp-json\/wp\/v2\/media\/7188"}],"wp:attachment":[{"href":"https:\/\/www.gc-colors.com\/fr\/wp-json\/wp\/v2\/media?parent=3237"}],"wp:term":[{"taxonomy":"product_brand","embeddable":true,"href":"https:\/\/www.gc-colors.com\/fr\/wp-json\/wp\/v2\/product_brand?post=3237"},{"taxonomy":"product_cat","embeddable":true,"href":"https:\/\/www.gc-colors.com\/fr\/wp-json\/wp\/v2\/product_cat?post=3237"},{"taxonomy":"product_tag","embeddable":true,"href":"https:\/\/www.gc-colors.com\/fr\/wp-json\/wp\/v2\/product_tag?post=3237"}],"curies":[{"name":"wp","href":"https:\/\/api.w.org\/{rel}","templated":true}]}}