{"id":6694,"date":"2024-10-03T12:56:20","date_gmt":"2024-10-03T10:56:20","guid":{"rendered":"http:\/\/desarrollo.gc-colors.com.5-175-45-53.panelninsoft.es\/?page_id=6694"},"modified":"2024-10-17T13:12:41","modified_gmt":"2024-10-17T11:12:41","slug":"caoutchouc-encapsule","status":"publish","type":"page","link":"https:\/\/www.gc-colors.com\/fr\/caoutchouc-encapsule\/","title":{"rendered":"Caoutchouc encapsul\u00e9"},"content":{"rendered":"\t\t<div data-elementor-type=\"wp-page\" data-elementor-id=\"6694\" class=\"elementor elementor-6694 elementor-6692\" data-elementor-post-type=\"page\">\n\t\t\t\t\t\t<section class=\"elementor-section elementor-top-section elementor-element elementor-element-bc6a19d elementor-section-boxed elementor-section-height-default elementor-section-height-default\" data-id=\"bc6a19d\" data-element_type=\"section\" data-settings=\"{&quot;background_background&quot;:&quot;classic&quot;}\">\n\t\t\t\t\t\t<div class=\"elementor-container elementor-column-gap-default\">\n\t\t\t\t\t<div class=\"elementor-column elementor-col-100 elementor-top-column elementor-element elementor-element-61001ba\" data-id=\"61001ba\" data-element_type=\"column\">\n\t\t\t<div class=\"elementor-widget-wrap elementor-element-populated\">\n\t\t\t\t\t\t<div class=\"elementor-element elementor-element-619e5d7 elementor-widget elementor-widget-woocommerce-breadcrumb\" data-id=\"619e5d7\" data-element_type=\"widget\" data-widget_type=\"woocommerce-breadcrumb.default\">\n\t\t\t\t<div class=\"elementor-widget-container\">\n\t\t\t<link rel=\"stylesheet\" href=\"https:\/\/www.gc-colors.com\/wp-content\/plugins\/elementor-pro\/assets\/css\/widget-woocommerce.min.css\"><nav class=\"woocommerce-breadcrumb\" aria-label=\"Breadcrumb\">Accueil<\/nav>\t\t<\/div>\n\t\t\t\t<\/div>\n\t\t\t\t\t<\/div>\n\t\t<\/div>\n\t\t\t\t\t<\/div>\n\t\t<\/section>\n\t\t\t\t<section class=\"elementor-section elementor-top-section elementor-element elementor-element-130cd4a elementor-section-boxed elementor-section-height-default elementor-section-height-default\" data-id=\"130cd4a\" data-element_type=\"section\" data-settings=\"{&quot;background_background&quot;:&quot;classic&quot;}\">\n\t\t\t\t\t\t<div class=\"elementor-container elementor-column-gap-default\">\n\t\t\t\t\t<div class=\"elementor-column elementor-col-100 elementor-top-column elementor-element elementor-element-f81f096\" data-id=\"f81f096\" data-element_type=\"column\" data-settings=\"{&quot;background_background&quot;:&quot;classic&quot;}\">\n\t\t\t<div class=\"elementor-widget-wrap elementor-element-populated\">\n\t\t\t\t\t\t<section class=\"elementor-section elementor-inner-section elementor-element elementor-element-840aaad elementor-section-height-min-height elementor-section-content-middle elementor-section-boxed elementor-section-height-default\" data-id=\"840aaad\" data-element_type=\"section\">\n\t\t\t\t\t\t<div class=\"elementor-container elementor-column-gap-default\">\n\t\t\t\t\t<div class=\"elementor-column elementor-col-50 elementor-inner-column elementor-element elementor-element-8c4607e\" data-id=\"8c4607e\" data-element_type=\"column\">\n\t\t\t<div class=\"elementor-widget-wrap elementor-element-populated\">\n\t\t\t\t\t\t<div class=\"elementor-element elementor-element-daea59e elementor-widget elementor-widget-heading\" data-id=\"daea59e\" data-element_type=\"widget\" data-widget_type=\"heading.default\">\n\t\t\t\t<div class=\"elementor-widget-container\">\n\t\t\t<style>\/*! elementor - v3.21.0 - 26-05-2024 *\/\n.elementor-heading-title{padding:0;margin:0;line-height:1}.elementor-widget-heading .elementor-heading-title[class*=elementor-size-]>a{color:inherit;font-size:inherit;line-height:inherit}.elementor-widget-heading .elementor-heading-title.elementor-size-small{font-size:15px}.elementor-widget-heading .elementor-heading-title.elementor-size-medium{font-size:19px}.elementor-widget-heading .elementor-heading-title.elementor-size-large{font-size:29px}.elementor-widget-heading .elementor-heading-title.elementor-size-xl{font-size:39px}.elementor-widget-heading .elementor-heading-title.elementor-size-xxl{font-size:59px}<\/style><h1 class=\"elementor-heading-title elementor-size-default\">Caoutchouc encapsul\u00e9<\/h1>\t\t<\/div>\n\t\t\t\t<\/div>\n\t\t\t\t\t<\/div>\n\t\t<\/div>\n\t\t\t\t<div class=\"elementor-column elementor-col-50 elementor-inner-column elementor-element elementor-element-1e3ee87\" data-id=\"1e3ee87\" data-element_type=\"column\" data-settings=\"{&quot;background_background&quot;:&quot;classic&quot;}\">\n\t\t\t<div class=\"elementor-widget-wrap elementor-element-populated\">\n\t\t\t\t\t\t<div class=\"elementor-element elementor-element-bfc9aef elementor-widget elementor-widget-image\" data-id=\"bfc9aef\" data-element_type=\"widget\" data-widget_type=\"image.default\">\n\t\t\t\t<div class=\"elementor-widget-container\">\n\t\t\t<style>\/*! elementor - v3.21.0 - 26-05-2024 *\/\n.elementor-widget-image{text-align:center}.elementor-widget-image a{display:inline-block}.elementor-widget-image a img[src$=\".svg\"]{width:48px}.elementor-widget-image img{vertical-align:middle;display:inline-block}<\/style>\t\t\t\t\t\t\t\t\t\t<img decoding=\"async\" width=\"122\" height=\"49\" src=\"https:\/\/www.gc-colors.com\/wp-content\/uploads\/2020\/09\/chromafer.svg\" class=\"attachment-full size-full wp-image-2633\" alt=\"\" \/>\t\t\t\t\t\t\t\t\t\t\t\t\t<\/div>\n\t\t\t\t<\/div>\n\t\t\t\t\t<\/div>\n\t\t<\/div>\n\t\t\t\t\t<\/div>\n\t\t<\/section>\n\t\t\t\t\t<\/div>\n\t\t<\/div>\n\t\t\t\t\t<\/div>\n\t\t<\/section>\n\t\t\t\t<section class=\"elementor-section elementor-top-section elementor-element elementor-element-56b77b1 elementor-section-boxed elementor-section-height-default elementor-section-height-default\" data-id=\"56b77b1\" data-element_type=\"section\">\n\t\t\t\t\t\t<div class=\"elementor-container elementor-column-gap-default\">\n\t\t\t\t\t<div class=\"elementor-column elementor-col-100 elementor-top-column elementor-element elementor-element-5e23138\" data-id=\"5e23138\" data-element_type=\"column\">\n\t\t\t<div class=\"elementor-widget-wrap elementor-element-populated\">\n\t\t\t\t\t\t<div class=\"elementor-element elementor-element-4c6e4eb elementor-widget elementor-widget-heading\" data-id=\"4c6e4eb\" data-element_type=\"widget\" data-widget_type=\"heading.default\">\n\t\t\t\t<div class=\"elementor-widget-container\">\n\t\t\t<h2 class=\"elementor-heading-title elementor-size-default\">PIGMENTS CHROMAFER POUR CAOUTCHOUC<\/h2>\t\t<\/div>\n\t\t\t\t<\/div>\n\t\t\t\t<div class=\"elementor-element elementor-element-21b6d81 elementor-widget elementor-widget-text-editor\" data-id=\"21b6d81\" data-element_type=\"widget\" data-widget_type=\"text-editor.default\">\n\t\t\t\t<div class=\"elementor-widget-container\">\n\t\t\t<style>\/*! elementor - v3.21.0 - 26-05-2024 *\/\n.elementor-widget-text-editor.elementor-drop-cap-view-stacked .elementor-drop-cap{background-color:#69727d;color:#fff}.elementor-widget-text-editor.elementor-drop-cap-view-framed .elementor-drop-cap{color:#69727d;border:3px solid;background-color:transparent}.elementor-widget-text-editor:not(.elementor-drop-cap-view-default) .elementor-drop-cap{margin-top:8px}.elementor-widget-text-editor:not(.elementor-drop-cap-view-default) .elementor-drop-cap-letter{width:1em;height:1em}.elementor-widget-text-editor .elementor-drop-cap{float:left;text-align:center;line-height:1;font-size:50px}.elementor-widget-text-editor .elementor-drop-cap-letter{display:inline-block}<\/style>\t\t\t\t<p>Chez GC Colors, nous sommes sp\u00e9cialis\u00e9s dans la fabrication de pigments de haute qualit\u00e9 pour l&rsquo;industrie du caoutchouc, principalement destin\u00e9s \u00e0 la production de dalles en caoutchouc pour aires de jeux.<\/p>\n\t\t\t\t\t\t<\/div>\n\t\t\t\t<\/div>\n\t\t\t\t\t<\/div>\n\t\t<\/div>\n\t\t\t\t\t<\/div>\n\t\t<\/section>\n\t\t\t\t<section class=\"elementor-section elementor-top-section elementor-element elementor-element-8b939b2 elementor-section-boxed elementor-section-height-default elementor-section-height-default\" data-id=\"8b939b2\" data-element_type=\"section\" data-settings=\"{&quot;background_background&quot;:&quot;classic&quot;}\">\n\t\t\t\t\t\t<div class=\"elementor-container elementor-column-gap-default\">\n\t\t\t\t\t<div class=\"elementor-column elementor-col-100 elementor-top-column elementor-element elementor-element-ebc6ae0\" data-id=\"ebc6ae0\" data-element_type=\"column\" data-settings=\"{&quot;background_background&quot;:&quot;classic&quot;}\">\n\t\t\t<div class=\"elementor-widget-wrap elementor-element-populated\">\n\t\t\t\t\t\t<section class=\"elementor-section elementor-inner-section elementor-element elementor-element-0c4dfcd elementor-section-boxed elementor-section-height-default elementor-section-height-default\" data-id=\"0c4dfcd\" data-element_type=\"section\">\n\t\t\t\t\t\t<div class=\"elementor-container elementor-column-gap-default\">\n\t\t\t\t\t<div class=\"elementor-column elementor-col-33 elementor-inner-column elementor-element elementor-element-56f7236 elementor-hidden-mobile\" data-id=\"56f7236\" data-element_type=\"column\">\n\t\t\t<div class=\"elementor-widget-wrap\">\n\t\t\t\t\t\t\t<\/div>\n\t\t<\/div>\n\t\t\t\t<div class=\"elementor-column elementor-col-33 elementor-inner-column elementor-element elementor-element-9d93d18\" data-id=\"9d93d18\" data-element_type=\"column\">\n\t\t\t<div class=\"elementor-widget-wrap elementor-element-populated\">\n\t\t\t\t\t\t<section data-eac_settings-link=\"{&quot;url&quot;:&quot;href=\\&quot;https:\\\/\\\/www.gc-colors.com\\\/wp-content\\\/uploads\\\/2024\\\/08\\\/Pigmentos-para-caucho.pdf\\&quot; target=\\&quot;_blank\\&quot; class=\\&quot;eac-accessible-link eac-element-link\\&quot; rel=\\&quot;noopener noreferrer\\&quot;&quot;}\" class=\"elementor-section elementor-inner-section elementor-element elementor-element-db56122 animated-slow elementor-section-boxed elementor-section-height-default elementor-section-height-default elementor-invisible\" data-id=\"db56122\" data-element_type=\"section\" data-settings=\"{&quot;background_background&quot;:&quot;classic&quot;,&quot;animation&quot;:&quot;fadeInDown&quot;}\">\n\t\t\t\t\t\t<div class=\"elementor-container elementor-column-gap-default\">\n\t\t\t\t\t<div class=\"elementor-column elementor-col-33 elementor-inner-column elementor-element elementor-element-4943fa1\" data-id=\"4943fa1\" data-element_type=\"column\">\n\t\t\t<div class=\"elementor-widget-wrap elementor-element-populated\">\n\t\t\t\t\t\t<div class=\"elementor-element elementor-element-8344c82 elementor-widget__width-initial elementor-widget elementor-widget-image\" data-id=\"8344c82\" data-element_type=\"widget\" data-widget_type=\"image.default\">\n\t\t\t\t<div class=\"elementor-widget-container\">\n\t\t\t\t\t\t\t\t\t\t\t\t\t<img decoding=\"async\" width=\"29\" height=\"29\" src=\"https:\/\/www.gc-colors.com\/wp-content\/uploads\/2024\/04\/Grupo-182.png\" class=\"attachment-large size-large wp-image-5330\" alt=\"\" \/>\t\t\t\t\t\t\t\t\t\t\t\t\t<\/div>\n\t\t\t\t<\/div>\n\t\t\t\t\t<\/div>\n\t\t<\/div>\n\t\t\t\t<div class=\"elementor-column elementor-col-33 elementor-inner-column elementor-element elementor-element-ede6ba4\" data-id=\"ede6ba4\" data-element_type=\"column\">\n\t\t\t<div class=\"elementor-widget-wrap elementor-element-populated\">\n\t\t\t\t\t\t<div class=\"elementor-element elementor-element-84a9d7d elementor-widget elementor-widget-heading\" data-id=\"84a9d7d\" data-element_type=\"widget\" data-widget_type=\"heading.default\">\n\t\t\t\t<div class=\"elementor-widget-container\">\n\t\t\t<h4 class=\"elementor-heading-title elementor-size-default\">Catalogue de caoutchouc encapsul\u00e9<\/h4>\t\t<\/div>\n\t\t\t\t<\/div>\n\t\t\t\t\t<\/div>\n\t\t<\/div>\n\t\t\t\t<div class=\"elementor-column elementor-col-33 elementor-inner-column elementor-element elementor-element-f1fadb3\" data-id=\"f1fadb3\" data-element_type=\"column\">\n\t\t\t<div class=\"elementor-widget-wrap elementor-element-populated\">\n\t\t\t\t\t\t<div class=\"elementor-element elementor-element-92b6a1c elementor-widget__width-initial elementor-widget elementor-widget-image\" data-id=\"92b6a1c\" data-element_type=\"widget\" data-widget_type=\"image.default\">\n\t\t\t\t<div class=\"elementor-widget-container\">\n\t\t\t\t\t\t\t\t\t\t\t\t\t<img decoding=\"async\" width=\"15\" height=\"18\" src=\"https:\/\/www.gc-colors.com\/wp-content\/uploads\/2024\/03\/Poligono-2.svg\" class=\"attachment-large size-large wp-image-5227\" alt=\"\" \/>\t\t\t\t\t\t\t\t\t\t\t\t\t<\/div>\n\t\t\t\t<\/div>\n\t\t\t\t\t<\/div>\n\t\t<\/div>\n\t\t\t\t\t<\/div>\n\t\t<\/section>\n\t\t\t\t\t<\/div>\n\t\t<\/div>\n\t\t\t\t<div class=\"elementor-column elementor-col-33 elementor-inner-column elementor-element elementor-element-8d1695d elementor-hidden-mobile\" data-id=\"8d1695d\" data-element_type=\"column\">\n\t\t\t<div class=\"elementor-widget-wrap\">\n\t\t\t\t\t\t\t<\/div>\n\t\t<\/div>\n\t\t\t\t\t<\/div>\n\t\t<\/section>\n\t\t\t\t\t<\/div>\n\t\t<\/div>\n\t\t\t\t\t<\/div>\n\t\t<\/section>\n\t\t\t\t<section class=\"elementor-section elementor-top-section elementor-element elementor-element-fde16b1 elementor-section-boxed elementor-section-height-default elementor-section-height-default elementor-invisible\" data-id=\"fde16b1\" data-element_type=\"section\" data-settings=\"{&quot;background_background&quot;:&quot;classic&quot;,&quot;animation&quot;:&quot;fadeIn&quot;}\">\n\t\t\t\t\t\t<div class=\"elementor-container elementor-column-gap-default\">\n\t\t\t\t\t<div class=\"elementor-column elementor-col-100 elementor-top-column elementor-element elementor-element-dc6fe58\" data-id=\"dc6fe58\" data-element_type=\"column\" data-settings=\"{&quot;background_background&quot;:&quot;classic&quot;}\">\n\t\t\t<div class=\"elementor-widget-wrap elementor-element-populated\">\n\t\t\t\t\t<div class=\"elementor-background-overlay\"><\/div>\n\t\t\t\t\t\t<div class=\"elementor-element elementor-element-f9cf07b elementor-widget elementor-widget-text-editor\" data-id=\"f9cf07b\" data-element_type=\"widget\" data-widget_type=\"text-editor.default\">\n\t\t\t\t<div class=\"elementor-widget-container\">\n\t\t\t\t\t\t\t<p><strong>Vous recherchez d&rsquo;autres couleurs ou avez des questions sur une teinte ?<\/strong><\/p>\n\t\t\t\t\t\t<\/div>\n\t\t\t\t<\/div>\n\t\t\t\t<div class=\"elementor-element elementor-element-81e5c74 elementor-widget elementor-widget-text-editor\" data-id=\"81e5c74\" data-element_type=\"widget\" data-widget_type=\"text-editor.default\">\n\t\t\t\t<div class=\"elementor-widget-container\">\n\t\t\t\t\t\t\t<p>Nous avons une large gamme de couleurs, mais en plus, GC Colors sont des fabricants et nous pouvons pr\u00e9parer pour vous la couleur exacte que n\u00e9cessite votre projet. Nous serons heureux de vous aider avec toutes vos questions ou besoins. <\/p>\n\t\t\t\t\t\t<\/div>\n\t\t\t\t<\/div>\n\t\t\t\t<div class=\"elementor-element elementor-element-ed05992 elementor-align-center animated-slow elementor-invisible elementor-widget elementor-widget-button\" data-id=\"ed05992\" data-element_type=\"widget\" data-settings=\"{&quot;_animation&quot;:&quot;fadeInUp&quot;}\" data-widget_type=\"button.default\">\n\t\t\t\t<div class=\"elementor-widget-container\">\n\t\t\t\t\t<div class=\"elementor-button-wrapper\">\n\t\t\t<a class=\"elementor-button elementor-button-link elementor-size-lg\" href=\"https:\/\/www.gc-colors.com\/fr\/contacto\/\">\n\t\t\t\t\t\t<span class=\"elementor-button-content-wrapper\">\n\t\t\t\t\t\t\t\t\t<span class=\"elementor-button-text\">Contactez-nous<\/span>\n\t\t\t\t\t<\/span>\n\t\t\t\t\t<\/a>\n\t\t<\/div>\n\t\t\t\t<\/div>\n\t\t\t\t<\/div>\n\t\t\t\t\t<\/div>\n\t\t<\/div>\n\t\t\t\t\t<\/div>\n\t\t<\/section>\n\t\t\t\t<\/div>\n\t\t","protected":false},"excerpt":{"rendered":"<p>PIGMENTS CHROMAFER POUR CAOUTCHOUC Chez GC Colors, nous sommes sp\u00e9cialis\u00e9s dans la fabrication de pigments de haute qualit\u00e9 pour l&rsquo;industrie du caoutchouc, principalement destin\u00e9s \u00e0 la production de dalles en caoutchouc pour aires de jeux. Catalogue de caoutchouc encapsul\u00e9 Vous recherchez d&rsquo;autres couleurs ou avez des questions sur une teinte ? Nous avons une large [&hellip;]<\/p>\n","protected":false},"author":1,"featured_media":0,"parent":0,"menu_order":0,"comment_status":"closed","ping_status":"closed","template":"","meta":{"footnotes":""},"class_list":["post-6694","page","type-page","status-publish","hentry"],"yoast_head":"<!-- This site is optimized with the Yoast SEO plugin v25.1 - https:\/\/yoast.com\/wordpress\/plugins\/seo\/ -->\n<title>Caoutchouc encapsul\u00e9 - G&amp;C Colors, especialistas en la fabricaci\u00f3n de pigmentos inorg\u00e1nicos<\/title>\n<meta name=\"robots\" content=\"index, follow, max-snippet:-1, max-image-preview:large, max-video-preview:-1\" \/>\n<link rel=\"canonical\" href=\"https:\/\/www.gc-colors.com\/fr\/caoutchouc-encapsule\/\" \/>\n<meta property=\"og:locale\" content=\"fr_FR\" \/>\n<meta property=\"og:type\" content=\"article\" \/>\n<meta property=\"og:title\" content=\"Caoutchouc encapsul\u00e9 - G&amp;C Colors, especialistas en la fabricaci\u00f3n de pigmentos inorg\u00e1nicos\" \/>\n<meta property=\"og:description\" content=\"PIGMENTS CHROMAFER POUR CAOUTCHOUC Chez GC Colors, nous sommes sp\u00e9cialis\u00e9s dans la fabrication de pigments de haute qualit\u00e9 pour l&rsquo;industrie du caoutchouc, principalement destin\u00e9s \u00e0 la production de dalles en caoutchouc pour aires de jeux. Catalogue de caoutchouc encapsul\u00e9 Vous recherchez d&rsquo;autres couleurs ou avez des questions sur une teinte ? Nous avons une large [&hellip;]\" \/>\n<meta property=\"og:url\" content=\"https:\/\/www.gc-colors.com\/fr\/caoutchouc-encapsule\/\" \/>\n<meta property=\"og:site_name\" content=\"G&amp;C Colors, especialistas en la fabricaci\u00f3n de pigmentos inorg\u00e1nicos\" \/>\n<meta property=\"article:publisher\" content=\"https:\/\/www.facebook.com\/GCcolors\/\" \/>\n<meta property=\"article:modified_time\" content=\"2024-10-17T11:12:41+00:00\" \/>\n<meta property=\"og:image\" content=\"https:\/\/www.gc-colors.com\/wp-content\/uploads\/2020\/09\/chromafer.svg\" \/>\n<meta name=\"twitter:card\" content=\"summary_large_image\" \/>\n<meta name=\"twitter:site\" content=\"@gccolors\" \/>\n<script type=\"application\/ld+json\" class=\"yoast-schema-graph\">{\"@context\":\"https:\/\/schema.org\",\"@graph\":[{\"@type\":\"WebPage\",\"@id\":\"https:\/\/www.gc-colors.com\/fr\/caoutchouc-encapsule\/\",\"url\":\"https:\/\/www.gc-colors.com\/fr\/caoutchouc-encapsule\/\",\"name\":\"Caoutchouc encapsul\u00e9 - G&amp;C Colors, especialistas en la fabricaci\u00f3n de pigmentos inorg\u00e1nicos\",\"isPartOf\":{\"@id\":\"https:\/\/www.gc-colors.com\/fr\/#website\"},\"primaryImageOfPage\":{\"@id\":\"https:\/\/www.gc-colors.com\/fr\/caoutchouc-encapsule\/#primaryimage\"},\"image\":{\"@id\":\"https:\/\/www.gc-colors.com\/fr\/caoutchouc-encapsule\/#primaryimage\"},\"thumbnailUrl\":\"https:\/\/www.gc-colors.com\/wp-content\/uploads\/2020\/09\/chromafer.svg\",\"datePublished\":\"2024-10-03T10:56:20+00:00\",\"dateModified\":\"2024-10-17T11:12:41+00:00\",\"breadcrumb\":{\"@id\":\"https:\/\/www.gc-colors.com\/fr\/caoutchouc-encapsule\/#breadcrumb\"},\"inLanguage\":\"fr-FR\",\"potentialAction\":[{\"@type\":\"ReadAction\",\"target\":[\"https:\/\/www.gc-colors.com\/fr\/caoutchouc-encapsule\/\"]}]},{\"@type\":\"ImageObject\",\"inLanguage\":\"fr-FR\",\"@id\":\"https:\/\/www.gc-colors.com\/fr\/caoutchouc-encapsule\/#primaryimage\",\"url\":\"https:\/\/www.gc-colors.com\/wp-content\/uploads\/2020\/09\/chromafer.svg\",\"contentUrl\":\"https:\/\/www.gc-colors.com\/wp-content\/uploads\/2020\/09\/chromafer.svg\"},{\"@type\":\"BreadcrumbList\",\"@id\":\"https:\/\/www.gc-colors.com\/fr\/caoutchouc-encapsule\/#breadcrumb\",\"itemListElement\":[{\"@type\":\"ListItem\",\"position\":1,\"name\":\"Portada\",\"item\":\"https:\/\/www.gc-colors.com\/fr\/\"},{\"@type\":\"ListItem\",\"position\":2,\"name\":\"Caoutchouc encapsul\u00e9\"}]},{\"@type\":\"WebSite\",\"@id\":\"https:\/\/www.gc-colors.com\/fr\/#website\",\"url\":\"https:\/\/www.gc-colors.com\/fr\/\",\"name\":\"G&c Colors, especialistas en la fabricaci\u00f3n de pigmentos inorg\u00e1nicos\",\"description\":\"Especialistas en la fabricaci\u00f3n de pigmentos inorg\u00e1nicos\",\"publisher\":{\"@id\":\"https:\/\/www.gc-colors.com\/fr\/#organization\"},\"potentialAction\":[{\"@type\":\"SearchAction\",\"target\":{\"@type\":\"EntryPoint\",\"urlTemplate\":\"https:\/\/www.gc-colors.com\/fr\/?s={search_term_string}\"},\"query-input\":{\"@type\":\"PropertyValueSpecification\",\"valueRequired\":true,\"valueName\":\"search_term_string\"}}],\"inLanguage\":\"fr-FR\"},{\"@type\":\"Organization\",\"@id\":\"https:\/\/www.gc-colors.com\/fr\/#organization\",\"name\":\"GC-Colors\",\"url\":\"https:\/\/www.gc-colors.com\/fr\/\",\"logo\":{\"@type\":\"ImageObject\",\"inLanguage\":\"fr-FR\",\"@id\":\"https:\/\/www.gc-colors.com\/fr\/#\/schema\/logo\/image\/\",\"url\":\"https:\/\/www.gc-colors.com\/wp-content\/uploads\/2024\/03\/LOGO.png\",\"contentUrl\":\"https:\/\/www.gc-colors.com\/wp-content\/uploads\/2024\/03\/LOGO.png\",\"width\":163,\"height\":67,\"caption\":\"GC-Colors\"},\"image\":{\"@id\":\"https:\/\/www.gc-colors.com\/fr\/#\/schema\/logo\/image\/\"},\"sameAs\":[\"https:\/\/www.facebook.com\/GCcolors\/\",\"https:\/\/x.com\/gccolors\",\"https:\/\/www.linkedin.com\/company\/gyccolors?originalSubdomain=es\"]}]}<\/script>\n<!-- \/ Yoast SEO plugin. -->","yoast_head_json":{"title":"Caoutchouc encapsul\u00e9 - G&amp;C Colors, especialistas en la fabricaci\u00f3n de pigmentos inorg\u00e1nicos","robots":{"index":"index","follow":"follow","max-snippet":"max-snippet:-1","max-image-preview":"max-image-preview:large","max-video-preview":"max-video-preview:-1"},"canonical":"https:\/\/www.gc-colors.com\/fr\/caoutchouc-encapsule\/","og_locale":"fr_FR","og_type":"article","og_title":"Caoutchouc encapsul\u00e9 - G&amp;C Colors, especialistas en la fabricaci\u00f3n de pigmentos inorg\u00e1nicos","og_description":"PIGMENTS CHROMAFER POUR CAOUTCHOUC Chez GC Colors, nous sommes sp\u00e9cialis\u00e9s dans la fabrication de pigments de haute qualit\u00e9 pour l&rsquo;industrie du caoutchouc, principalement destin\u00e9s \u00e0 la production de dalles en caoutchouc pour aires de jeux. Catalogue de caoutchouc encapsul\u00e9 Vous recherchez d&rsquo;autres couleurs ou avez des questions sur une teinte ? Nous avons une large [&hellip;]","og_url":"https:\/\/www.gc-colors.com\/fr\/caoutchouc-encapsule\/","og_site_name":"G&amp;C Colors, especialistas en la fabricaci\u00f3n de pigmentos inorg\u00e1nicos","article_publisher":"https:\/\/www.facebook.com\/GCcolors\/","article_modified_time":"2024-10-17T11:12:41+00:00","og_image":[{"url":"https:\/\/www.gc-colors.com\/wp-content\/uploads\/2020\/09\/chromafer.svg","type":"","width":"","height":""}],"twitter_card":"summary_large_image","twitter_site":"@gccolors","schema":{"@context":"https:\/\/schema.org","@graph":[{"@type":"WebPage","@id":"https:\/\/www.gc-colors.com\/fr\/caoutchouc-encapsule\/","url":"https:\/\/www.gc-colors.com\/fr\/caoutchouc-encapsule\/","name":"Caoutchouc encapsul\u00e9 - G&amp;C Colors, especialistas en la fabricaci\u00f3n de pigmentos inorg\u00e1nicos","isPartOf":{"@id":"https:\/\/www.gc-colors.com\/fr\/#website"},"primaryImageOfPage":{"@id":"https:\/\/www.gc-colors.com\/fr\/caoutchouc-encapsule\/#primaryimage"},"image":{"@id":"https:\/\/www.gc-colors.com\/fr\/caoutchouc-encapsule\/#primaryimage"},"thumbnailUrl":"https:\/\/www.gc-colors.com\/wp-content\/uploads\/2020\/09\/chromafer.svg","datePublished":"2024-10-03T10:56:20+00:00","dateModified":"2024-10-17T11:12:41+00:00","breadcrumb":{"@id":"https:\/\/www.gc-colors.com\/fr\/caoutchouc-encapsule\/#breadcrumb"},"inLanguage":"fr-FR","potentialAction":[{"@type":"ReadAction","target":["https:\/\/www.gc-colors.com\/fr\/caoutchouc-encapsule\/"]}]},{"@type":"ImageObject","inLanguage":"fr-FR","@id":"https:\/\/www.gc-colors.com\/fr\/caoutchouc-encapsule\/#primaryimage","url":"https:\/\/www.gc-colors.com\/wp-content\/uploads\/2020\/09\/chromafer.svg","contentUrl":"https:\/\/www.gc-colors.com\/wp-content\/uploads\/2020\/09\/chromafer.svg"},{"@type":"BreadcrumbList","@id":"https:\/\/www.gc-colors.com\/fr\/caoutchouc-encapsule\/#breadcrumb","itemListElement":[{"@type":"ListItem","position":1,"name":"Portada","item":"https:\/\/www.gc-colors.com\/fr\/"},{"@type":"ListItem","position":2,"name":"Caoutchouc encapsul\u00e9"}]},{"@type":"WebSite","@id":"https:\/\/www.gc-colors.com\/fr\/#website","url":"https:\/\/www.gc-colors.com\/fr\/","name":"G&c Colors, especialistas en la fabricaci\u00f3n de pigmentos inorg\u00e1nicos","description":"Especialistas en la fabricaci\u00f3n de pigmentos inorg\u00e1nicos","publisher":{"@id":"https:\/\/www.gc-colors.com\/fr\/#organization"},"potentialAction":[{"@type":"SearchAction","target":{"@type":"EntryPoint","urlTemplate":"https:\/\/www.gc-colors.com\/fr\/?s={search_term_string}"},"query-input":{"@type":"PropertyValueSpecification","valueRequired":true,"valueName":"search_term_string"}}],"inLanguage":"fr-FR"},{"@type":"Organization","@id":"https:\/\/www.gc-colors.com\/fr\/#organization","name":"GC-Colors","url":"https:\/\/www.gc-colors.com\/fr\/","logo":{"@type":"ImageObject","inLanguage":"fr-FR","@id":"https:\/\/www.gc-colors.com\/fr\/#\/schema\/logo\/image\/","url":"https:\/\/www.gc-colors.com\/wp-content\/uploads\/2024\/03\/LOGO.png","contentUrl":"https:\/\/www.gc-colors.com\/wp-content\/uploads\/2024\/03\/LOGO.png","width":163,"height":67,"caption":"GC-Colors"},"image":{"@id":"https:\/\/www.gc-colors.com\/fr\/#\/schema\/logo\/image\/"},"sameAs":["https:\/\/www.facebook.com\/GCcolors\/","https:\/\/x.com\/gccolors","https:\/\/www.linkedin.com\/company\/gyccolors?originalSubdomain=es"]}]}},"_links":{"self":[{"href":"https:\/\/www.gc-colors.com\/fr\/wp-json\/wp\/v2\/pages\/6694","targetHints":{"allow":["GET"]}}],"collection":[{"href":"https:\/\/www.gc-colors.com\/fr\/wp-json\/wp\/v2\/pages"}],"about":[{"href":"https:\/\/www.gc-colors.com\/fr\/wp-json\/wp\/v2\/types\/page"}],"author":[{"embeddable":true,"href":"https:\/\/www.gc-colors.com\/fr\/wp-json\/wp\/v2\/users\/1"}],"replies":[{"embeddable":true,"href":"https:\/\/www.gc-colors.com\/fr\/wp-json\/wp\/v2\/comments?post=6694"}],"version-history":[{"count":6,"href":"https:\/\/www.gc-colors.com\/fr\/wp-json\/wp\/v2\/pages\/6694\/revisions"}],"predecessor-version":[{"id":8144,"href":"https:\/\/www.gc-colors.com\/fr\/wp-json\/wp\/v2\/pages\/6694\/revisions\/8144"}],"wp:attachment":[{"href":"https:\/\/www.gc-colors.com\/fr\/wp-json\/wp\/v2\/media?parent=6694"}],"curies":[{"name":"wp","href":"https:\/\/api.w.org\/{rel}","templated":true}]}}