{"id":6680,"date":"2024-10-03T13:00:05","date_gmt":"2024-10-03T11:00:05","guid":{"rendered":"http:\/\/desarrollo.gc-colors.com.5-175-45-53.panelninsoft.es\/?page_id=6680"},"modified":"2024-10-03T13:00:05","modified_gmt":"2024-10-03T11:00:05","slug":"alimentation-animale","status":"publish","type":"page","link":"https:\/\/www.gc-colors.com\/fr\/alimentation-animale\/","title":{"rendered":"Alimentation animale"},"content":{"rendered":"\t\t<div data-elementor-type=\"wp-page\" data-elementor-id=\"6680\" class=\"elementor elementor-6680 elementor-6678\" data-elementor-post-type=\"page\">\n\t\t\t\t\t\t<section class=\"elementor-section elementor-top-section elementor-element elementor-element-bc6a19d elementor-section-boxed elementor-section-height-default elementor-section-height-default\" data-id=\"bc6a19d\" data-element_type=\"section\" data-settings=\"{&quot;background_background&quot;:&quot;classic&quot;}\">\n\t\t\t\t\t\t<div class=\"elementor-container elementor-column-gap-default\">\n\t\t\t\t\t<div class=\"elementor-column elementor-col-100 elementor-top-column elementor-element elementor-element-61001ba\" data-id=\"61001ba\" data-element_type=\"column\">\n\t\t\t<div class=\"elementor-widget-wrap elementor-element-populated\">\n\t\t\t\t\t\t<div class=\"elementor-element elementor-element-619e5d7 elementor-widget elementor-widget-woocommerce-breadcrumb\" data-id=\"619e5d7\" data-element_type=\"widget\" data-widget_type=\"woocommerce-breadcrumb.default\">\n\t\t\t\t<div class=\"elementor-widget-container\">\n\t\t\t<link rel=\"stylesheet\" href=\"https:\/\/www.gc-colors.com\/wp-content\/plugins\/elementor-pro\/assets\/css\/widget-woocommerce.min.css\"><nav class=\"woocommerce-breadcrumb\" aria-label=\"Breadcrumb\">Accueil<\/nav>\t\t<\/div>\n\t\t\t\t<\/div>\n\t\t\t\t\t<\/div>\n\t\t<\/div>\n\t\t\t\t\t<\/div>\n\t\t<\/section>\n\t\t\t\t<section class=\"elementor-section elementor-top-section elementor-element elementor-element-130cd4a elementor-section-boxed elementor-section-height-default elementor-section-height-default\" data-id=\"130cd4a\" data-element_type=\"section\" data-settings=\"{&quot;background_background&quot;:&quot;classic&quot;}\">\n\t\t\t\t\t\t<div class=\"elementor-container elementor-column-gap-default\">\n\t\t\t\t\t<div class=\"elementor-column elementor-col-100 elementor-top-column elementor-element elementor-element-f81f096\" data-id=\"f81f096\" data-element_type=\"column\" data-settings=\"{&quot;background_background&quot;:&quot;classic&quot;}\">\n\t\t\t<div class=\"elementor-widget-wrap elementor-element-populated\">\n\t\t\t\t\t\t<section class=\"elementor-section elementor-inner-section elementor-element elementor-element-840aaad elementor-section-height-min-height elementor-section-content-middle elementor-section-boxed elementor-section-height-default\" data-id=\"840aaad\" data-element_type=\"section\">\n\t\t\t\t\t\t<div class=\"elementor-container elementor-column-gap-default\">\n\t\t\t\t\t<div class=\"elementor-column elementor-col-50 elementor-inner-column elementor-element elementor-element-8c4607e\" data-id=\"8c4607e\" data-element_type=\"column\">\n\t\t\t<div class=\"elementor-widget-wrap elementor-element-populated\">\n\t\t\t\t\t\t<div class=\"elementor-element elementor-element-daea59e elementor-widget elementor-widget-heading\" data-id=\"daea59e\" data-element_type=\"widget\" data-widget_type=\"heading.default\">\n\t\t\t\t<div class=\"elementor-widget-container\">\n\t\t\t<style>\/*! elementor - v3.21.0 - 26-05-2024 *\/\n.elementor-heading-title{padding:0;margin:0;line-height:1}.elementor-widget-heading .elementor-heading-title[class*=elementor-size-]>a{color:inherit;font-size:inherit;line-height:inherit}.elementor-widget-heading .elementor-heading-title.elementor-size-small{font-size:15px}.elementor-widget-heading .elementor-heading-title.elementor-size-medium{font-size:19px}.elementor-widget-heading .elementor-heading-title.elementor-size-large{font-size:29px}.elementor-widget-heading .elementor-heading-title.elementor-size-xl{font-size:39px}.elementor-widget-heading .elementor-heading-title.elementor-size-xxl{font-size:59px}<\/style><h1 class=\"elementor-heading-title elementor-size-default\">Alimentation animale<\/h1>\t\t<\/div>\n\t\t\t\t<\/div>\n\t\t\t\t\t<\/div>\n\t\t<\/div>\n\t\t\t\t<div class=\"elementor-column elementor-col-50 elementor-inner-column elementor-element elementor-element-1e3ee87\" data-id=\"1e3ee87\" data-element_type=\"column\" data-settings=\"{&quot;background_background&quot;:&quot;classic&quot;}\">\n\t\t\t<div class=\"elementor-widget-wrap elementor-element-populated\">\n\t\t\t\t\t\t<div class=\"elementor-element elementor-element-bfc9aef elementor-widget elementor-widget-image\" data-id=\"bfc9aef\" data-element_type=\"widget\" data-widget_type=\"image.default\">\n\t\t\t\t<div class=\"elementor-widget-container\">\n\t\t\t<style>\/*! elementor - v3.21.0 - 26-05-2024 *\/\n.elementor-widget-image{text-align:center}.elementor-widget-image a{display:inline-block}.elementor-widget-image a img[src$=\".svg\"]{width:48px}.elementor-widget-image img{vertical-align:middle;display:inline-block}<\/style>\t\t\t\t\t\t\t\t\t\t<img decoding=\"async\" width=\"122\" height=\"49\" src=\"https:\/\/www.gc-colors.com\/wp-content\/uploads\/2020\/09\/chromafer.svg\" class=\"attachment-full size-full wp-image-2633\" alt=\"\" \/>\t\t\t\t\t\t\t\t\t\t\t\t\t<\/div>\n\t\t\t\t<\/div>\n\t\t\t\t\t<\/div>\n\t\t<\/div>\n\t\t\t\t\t<\/div>\n\t\t<\/section>\n\t\t\t\t\t<\/div>\n\t\t<\/div>\n\t\t\t\t\t<\/div>\n\t\t<\/section>\n\t\t\t\t<section class=\"elementor-section elementor-top-section elementor-element elementor-element-56b77b1 elementor-section-boxed elementor-section-height-default elementor-section-height-default\" data-id=\"56b77b1\" data-element_type=\"section\">\n\t\t\t\t\t\t<div class=\"elementor-container elementor-column-gap-default\">\n\t\t\t\t\t<div class=\"elementor-column elementor-col-50 elementor-top-column elementor-element elementor-element-5e23138\" data-id=\"5e23138\" data-element_type=\"column\">\n\t\t\t<div class=\"elementor-widget-wrap elementor-element-populated\">\n\t\t\t\t\t\t<div class=\"elementor-element elementor-element-17a80b4 elementor-widget elementor-widget-heading\" data-id=\"17a80b4\" data-element_type=\"widget\" data-widget_type=\"heading.default\">\n\t\t\t\t<div class=\"elementor-widget-container\">\n\t\t\t<h2 class=\"elementor-heading-title elementor-size-default\">FAITES-LE VOUS-M\u00caME AVEC NOTRE GAMME DE COULEURS<\/h2>\t\t<\/div>\n\t\t\t\t<\/div>\n\t\t\t\t<div class=\"elementor-element elementor-element-21b6d81 elementor-widget elementor-widget-text-editor\" data-id=\"21b6d81\" data-element_type=\"widget\" data-widget_type=\"text-editor.default\">\n\t\t\t\t<div class=\"elementor-widget-container\">\n\t\t\t<style>\/*! elementor - v3.21.0 - 26-05-2024 *\/\n.elementor-widget-text-editor.elementor-drop-cap-view-stacked .elementor-drop-cap{background-color:#69727d;color:#fff}.elementor-widget-text-editor.elementor-drop-cap-view-framed .elementor-drop-cap{color:#69727d;border:3px solid;background-color:transparent}.elementor-widget-text-editor:not(.elementor-drop-cap-view-default) .elementor-drop-cap{margin-top:8px}.elementor-widget-text-editor:not(.elementor-drop-cap-view-default) .elementor-drop-cap-letter{width:1em;height:1em}.elementor-widget-text-editor .elementor-drop-cap{float:left;text-align:center;line-height:1;font-size:50px}.elementor-widget-text-editor .elementor-drop-cap-letter{display:inline-block}<\/style>\t\t\t\t<p>Additifs colorants organoleptiques \u00e0 base d&rsquo;oxydes de fer de haute puret\u00e9 et \u00e0 haut pouvoir colorant destin\u00e9s \u00e0 la teinture des produits alimentaires pour animaux. Disponible dans les tons rouge, jaune et noir. <\/p>\n\t\t\t\t\t\t<\/div>\n\t\t\t\t<\/div>\n\t\t\t\t\t<\/div>\n\t\t<\/div>\n\t\t\t\t<div class=\"elementor-column elementor-col-50 elementor-top-column elementor-element elementor-element-1e826bc elementor-invisible\" data-id=\"1e826bc\" data-element_type=\"column\" data-settings=\"{&quot;animation&quot;:&quot;fadeInRight&quot;}\">\n\t\t\t<div class=\"elementor-widget-wrap elementor-element-populated\">\n\t\t\t\t\t\t<div class=\"elementor-element elementor-element-99d2524 elementor-widget elementor-widget-image\" data-id=\"99d2524\" data-element_type=\"widget\" data-widget_type=\"image.default\">\n\t\t\t\t<div class=\"elementor-widget-container\">\n\t\t\t\t\t\t\t\t\t\t\t\t\t<img decoding=\"async\" width=\"136\" height=\"95\" src=\"https:\/\/www.gc-colors.com\/wp-content\/uploads\/2020\/09\/icono-alimentacio\u0301n-animal-1.svg\" class=\"attachment-large size-large wp-image-2650\" alt=\"\" \/>\t\t\t\t\t\t\t\t\t\t\t\t\t<\/div>\n\t\t\t\t<\/div>\n\t\t\t\t\t<\/div>\n\t\t<\/div>\n\t\t\t\t\t<\/div>\n\t\t<\/section>\n\t\t\t\t<section class=\"elementor-section elementor-top-section elementor-element elementor-element-fde16b1 elementor-section-boxed elementor-section-height-default elementor-section-height-default elementor-invisible\" data-id=\"fde16b1\" data-element_type=\"section\" data-settings=\"{&quot;background_background&quot;:&quot;classic&quot;,&quot;animation&quot;:&quot;fadeIn&quot;}\">\n\t\t\t\t\t\t<div class=\"elementor-container elementor-column-gap-default\">\n\t\t\t\t\t<div class=\"elementor-column elementor-col-100 elementor-top-column elementor-element elementor-element-dc6fe58\" data-id=\"dc6fe58\" data-element_type=\"column\" data-settings=\"{&quot;background_background&quot;:&quot;classic&quot;}\">\n\t\t\t<div class=\"elementor-widget-wrap elementor-element-populated\">\n\t\t\t\t\t<div class=\"elementor-background-overlay\"><\/div>\n\t\t\t\t\t\t<div class=\"elementor-element elementor-element-f9cf07b elementor-widget elementor-widget-text-editor\" data-id=\"f9cf07b\" data-element_type=\"widget\" data-widget_type=\"text-editor.default\">\n\t\t\t\t<div class=\"elementor-widget-container\">\n\t\t\t\t\t\t\t<p><strong>Vous recherchez d&rsquo;autres couleurs ou avez des questions sur une teinte ?<\/strong><\/p>\n\t\t\t\t\t\t<\/div>\n\t\t\t\t<\/div>\n\t\t\t\t<div class=\"elementor-element elementor-element-81e5c74 elementor-widget elementor-widget-text-editor\" data-id=\"81e5c74\" data-element_type=\"widget\" data-widget_type=\"text-editor.default\">\n\t\t\t\t<div class=\"elementor-widget-container\">\n\t\t\t\t\t\t\t<p>Nous avons une large gamme de couleurs, mais en plus, GC Colors sont des fabricants et nous pouvons pr\u00e9parer pour vous la couleur exacte que n\u00e9cessite votre projet. Nous serons heureux de vous aider avec toutes vos questions ou besoins. <\/p>\n\t\t\t\t\t\t<\/div>\n\t\t\t\t<\/div>\n\t\t\t\t<div class=\"elementor-element elementor-element-ed05992 elementor-align-center animated-slow elementor-invisible elementor-widget elementor-widget-button\" data-id=\"ed05992\" data-element_type=\"widget\" data-settings=\"{&quot;_animation&quot;:&quot;fadeInUp&quot;}\" data-widget_type=\"button.default\">\n\t\t\t\t<div class=\"elementor-widget-container\">\n\t\t\t\t\t<div class=\"elementor-button-wrapper\">\n\t\t\t<a class=\"elementor-button elementor-button-link elementor-size-lg\" href=\"https:\/\/www.gc-colors.com\/fr\/contacto\/\">\n\t\t\t\t\t\t<span class=\"elementor-button-content-wrapper\">\n\t\t\t\t\t\t\t\t\t<span class=\"elementor-button-text\">Contactez-nous<\/span>\n\t\t\t\t\t<\/span>\n\t\t\t\t\t<\/a>\n\t\t<\/div>\n\t\t\t\t<\/div>\n\t\t\t\t<\/div>\n\t\t\t\t\t<\/div>\n\t\t<\/div>\n\t\t\t\t\t<\/div>\n\t\t<\/section>\n\t\t\t\t<\/div>\n\t\t","protected":false},"excerpt":{"rendered":"<p>FAITES-LE VOUS-M\u00caME AVEC NOTRE GAMME DE COULEURS Additifs colorants organoleptiques \u00e0 base d&rsquo;oxydes de fer de haute puret\u00e9 et \u00e0 haut pouvoir colorant destin\u00e9s \u00e0 la teinture des produits alimentaires pour animaux. Disponible dans les tons rouge, jaune et noir. Vous recherchez d&rsquo;autres couleurs ou avez des questions sur une teinte ? Nous avons une [&hellip;]<\/p>\n","protected":false},"author":1,"featured_media":0,"parent":0,"menu_order":0,"comment_status":"closed","ping_status":"closed","template":"","meta":{"footnotes":""},"class_list":["post-6680","page","type-page","status-publish","hentry"],"yoast_head":"<!-- This site is optimized with the Yoast SEO plugin v25.1 - https:\/\/yoast.com\/wordpress\/plugins\/seo\/ -->\n<title>Alimentation animale - G&amp;C Colors, especialistas en la fabricaci\u00f3n de pigmentos inorg\u00e1nicos<\/title>\n<meta name=\"robots\" content=\"index, follow, max-snippet:-1, max-image-preview:large, max-video-preview:-1\" \/>\n<link rel=\"canonical\" href=\"https:\/\/www.gc-colors.com\/fr\/alimentation-animale\/\" \/>\n<meta property=\"og:locale\" content=\"fr_FR\" \/>\n<meta property=\"og:type\" content=\"article\" \/>\n<meta property=\"og:title\" content=\"Alimentation animale - G&amp;C Colors, especialistas en la fabricaci\u00f3n de pigmentos inorg\u00e1nicos\" \/>\n<meta property=\"og:description\" content=\"FAITES-LE VOUS-M\u00caME AVEC NOTRE GAMME DE COULEURS Additifs colorants organoleptiques \u00e0 base d&rsquo;oxydes de fer de haute puret\u00e9 et \u00e0 haut pouvoir colorant destin\u00e9s \u00e0 la teinture des produits alimentaires pour animaux. Disponible dans les tons rouge, jaune et noir. Vous recherchez d&rsquo;autres couleurs ou avez des questions sur une teinte ? Nous avons une [&hellip;]\" \/>\n<meta property=\"og:url\" content=\"https:\/\/www.gc-colors.com\/fr\/alimentation-animale\/\" \/>\n<meta property=\"og:site_name\" content=\"G&amp;C Colors, especialistas en la fabricaci\u00f3n de pigmentos inorg\u00e1nicos\" \/>\n<meta property=\"article:publisher\" content=\"https:\/\/www.facebook.com\/GCcolors\/\" \/>\n<meta property=\"og:image\" content=\"https:\/\/www.gc-colors.com\/wp-content\/uploads\/2020\/09\/chromafer.svg\" \/>\n<meta name=\"twitter:card\" content=\"summary_large_image\" \/>\n<meta name=\"twitter:site\" content=\"@gccolors\" \/>\n<meta name=\"twitter:label1\" content=\"Dur\u00e9e de lecture estim\u00e9e\" \/>\n\t<meta name=\"twitter:data1\" content=\"1 minute\" \/>\n<script type=\"application\/ld+json\" class=\"yoast-schema-graph\">{\"@context\":\"https:\/\/schema.org\",\"@graph\":[{\"@type\":\"WebPage\",\"@id\":\"https:\/\/www.gc-colors.com\/fr\/alimentation-animale\/\",\"url\":\"https:\/\/www.gc-colors.com\/fr\/alimentation-animale\/\",\"name\":\"Alimentation animale - G&amp;C Colors, especialistas en la fabricaci\u00f3n de pigmentos inorg\u00e1nicos\",\"isPartOf\":{\"@id\":\"https:\/\/www.gc-colors.com\/fr\/#website\"},\"primaryImageOfPage\":{\"@id\":\"https:\/\/www.gc-colors.com\/fr\/alimentation-animale\/#primaryimage\"},\"image\":{\"@id\":\"https:\/\/www.gc-colors.com\/fr\/alimentation-animale\/#primaryimage\"},\"thumbnailUrl\":\"https:\/\/www.gc-colors.com\/wp-content\/uploads\/2020\/09\/chromafer.svg\",\"datePublished\":\"2024-10-03T11:00:05+00:00\",\"breadcrumb\":{\"@id\":\"https:\/\/www.gc-colors.com\/fr\/alimentation-animale\/#breadcrumb\"},\"inLanguage\":\"fr-FR\",\"potentialAction\":[{\"@type\":\"ReadAction\",\"target\":[\"https:\/\/www.gc-colors.com\/fr\/alimentation-animale\/\"]}]},{\"@type\":\"ImageObject\",\"inLanguage\":\"fr-FR\",\"@id\":\"https:\/\/www.gc-colors.com\/fr\/alimentation-animale\/#primaryimage\",\"url\":\"https:\/\/www.gc-colors.com\/wp-content\/uploads\/2020\/09\/chromafer.svg\",\"contentUrl\":\"https:\/\/www.gc-colors.com\/wp-content\/uploads\/2020\/09\/chromafer.svg\"},{\"@type\":\"BreadcrumbList\",\"@id\":\"https:\/\/www.gc-colors.com\/fr\/alimentation-animale\/#breadcrumb\",\"itemListElement\":[{\"@type\":\"ListItem\",\"position\":1,\"name\":\"Portada\",\"item\":\"https:\/\/www.gc-colors.com\/fr\/\"},{\"@type\":\"ListItem\",\"position\":2,\"name\":\"Alimentation animale\"}]},{\"@type\":\"WebSite\",\"@id\":\"https:\/\/www.gc-colors.com\/fr\/#website\",\"url\":\"https:\/\/www.gc-colors.com\/fr\/\",\"name\":\"G&c Colors, especialistas en la fabricaci\u00f3n de pigmentos inorg\u00e1nicos\",\"description\":\"Especialistas en la fabricaci\u00f3n de pigmentos inorg\u00e1nicos\",\"publisher\":{\"@id\":\"https:\/\/www.gc-colors.com\/fr\/#organization\"},\"potentialAction\":[{\"@type\":\"SearchAction\",\"target\":{\"@type\":\"EntryPoint\",\"urlTemplate\":\"https:\/\/www.gc-colors.com\/fr\/?s={search_term_string}\"},\"query-input\":{\"@type\":\"PropertyValueSpecification\",\"valueRequired\":true,\"valueName\":\"search_term_string\"}}],\"inLanguage\":\"fr-FR\"},{\"@type\":\"Organization\",\"@id\":\"https:\/\/www.gc-colors.com\/fr\/#organization\",\"name\":\"GC-Colors\",\"url\":\"https:\/\/www.gc-colors.com\/fr\/\",\"logo\":{\"@type\":\"ImageObject\",\"inLanguage\":\"fr-FR\",\"@id\":\"https:\/\/www.gc-colors.com\/fr\/#\/schema\/logo\/image\/\",\"url\":\"https:\/\/www.gc-colors.com\/wp-content\/uploads\/2024\/03\/LOGO.png\",\"contentUrl\":\"https:\/\/www.gc-colors.com\/wp-content\/uploads\/2024\/03\/LOGO.png\",\"width\":163,\"height\":67,\"caption\":\"GC-Colors\"},\"image\":{\"@id\":\"https:\/\/www.gc-colors.com\/fr\/#\/schema\/logo\/image\/\"},\"sameAs\":[\"https:\/\/www.facebook.com\/GCcolors\/\",\"https:\/\/x.com\/gccolors\",\"https:\/\/www.linkedin.com\/company\/gyccolors?originalSubdomain=es\"]}]}<\/script>\n<!-- \/ Yoast SEO plugin. -->","yoast_head_json":{"title":"Alimentation animale - G&amp;C Colors, especialistas en la fabricaci\u00f3n de pigmentos inorg\u00e1nicos","robots":{"index":"index","follow":"follow","max-snippet":"max-snippet:-1","max-image-preview":"max-image-preview:large","max-video-preview":"max-video-preview:-1"},"canonical":"https:\/\/www.gc-colors.com\/fr\/alimentation-animale\/","og_locale":"fr_FR","og_type":"article","og_title":"Alimentation animale - G&amp;C Colors, especialistas en la fabricaci\u00f3n de pigmentos inorg\u00e1nicos","og_description":"FAITES-LE VOUS-M\u00caME AVEC NOTRE GAMME DE COULEURS Additifs colorants organoleptiques \u00e0 base d&rsquo;oxydes de fer de haute puret\u00e9 et \u00e0 haut pouvoir colorant destin\u00e9s \u00e0 la teinture des produits alimentaires pour animaux. Disponible dans les tons rouge, jaune et noir. Vous recherchez d&rsquo;autres couleurs ou avez des questions sur une teinte ? Nous avons une [&hellip;]","og_url":"https:\/\/www.gc-colors.com\/fr\/alimentation-animale\/","og_site_name":"G&amp;C Colors, especialistas en la fabricaci\u00f3n de pigmentos inorg\u00e1nicos","article_publisher":"https:\/\/www.facebook.com\/GCcolors\/","og_image":[{"url":"https:\/\/www.gc-colors.com\/wp-content\/uploads\/2020\/09\/chromafer.svg","type":"","width":"","height":""}],"twitter_card":"summary_large_image","twitter_site":"@gccolors","twitter_misc":{"Dur\u00e9e de lecture estim\u00e9e":"1 minute"},"schema":{"@context":"https:\/\/schema.org","@graph":[{"@type":"WebPage","@id":"https:\/\/www.gc-colors.com\/fr\/alimentation-animale\/","url":"https:\/\/www.gc-colors.com\/fr\/alimentation-animale\/","name":"Alimentation animale - G&amp;C Colors, especialistas en la fabricaci\u00f3n de pigmentos inorg\u00e1nicos","isPartOf":{"@id":"https:\/\/www.gc-colors.com\/fr\/#website"},"primaryImageOfPage":{"@id":"https:\/\/www.gc-colors.com\/fr\/alimentation-animale\/#primaryimage"},"image":{"@id":"https:\/\/www.gc-colors.com\/fr\/alimentation-animale\/#primaryimage"},"thumbnailUrl":"https:\/\/www.gc-colors.com\/wp-content\/uploads\/2020\/09\/chromafer.svg","datePublished":"2024-10-03T11:00:05+00:00","breadcrumb":{"@id":"https:\/\/www.gc-colors.com\/fr\/alimentation-animale\/#breadcrumb"},"inLanguage":"fr-FR","potentialAction":[{"@type":"ReadAction","target":["https:\/\/www.gc-colors.com\/fr\/alimentation-animale\/"]}]},{"@type":"ImageObject","inLanguage":"fr-FR","@id":"https:\/\/www.gc-colors.com\/fr\/alimentation-animale\/#primaryimage","url":"https:\/\/www.gc-colors.com\/wp-content\/uploads\/2020\/09\/chromafer.svg","contentUrl":"https:\/\/www.gc-colors.com\/wp-content\/uploads\/2020\/09\/chromafer.svg"},{"@type":"BreadcrumbList","@id":"https:\/\/www.gc-colors.com\/fr\/alimentation-animale\/#breadcrumb","itemListElement":[{"@type":"ListItem","position":1,"name":"Portada","item":"https:\/\/www.gc-colors.com\/fr\/"},{"@type":"ListItem","position":2,"name":"Alimentation animale"}]},{"@type":"WebSite","@id":"https:\/\/www.gc-colors.com\/fr\/#website","url":"https:\/\/www.gc-colors.com\/fr\/","name":"G&c Colors, especialistas en la fabricaci\u00f3n de pigmentos inorg\u00e1nicos","description":"Especialistas en la fabricaci\u00f3n de pigmentos inorg\u00e1nicos","publisher":{"@id":"https:\/\/www.gc-colors.com\/fr\/#organization"},"potentialAction":[{"@type":"SearchAction","target":{"@type":"EntryPoint","urlTemplate":"https:\/\/www.gc-colors.com\/fr\/?s={search_term_string}"},"query-input":{"@type":"PropertyValueSpecification","valueRequired":true,"valueName":"search_term_string"}}],"inLanguage":"fr-FR"},{"@type":"Organization","@id":"https:\/\/www.gc-colors.com\/fr\/#organization","name":"GC-Colors","url":"https:\/\/www.gc-colors.com\/fr\/","logo":{"@type":"ImageObject","inLanguage":"fr-FR","@id":"https:\/\/www.gc-colors.com\/fr\/#\/schema\/logo\/image\/","url":"https:\/\/www.gc-colors.com\/wp-content\/uploads\/2024\/03\/LOGO.png","contentUrl":"https:\/\/www.gc-colors.com\/wp-content\/uploads\/2024\/03\/LOGO.png","width":163,"height":67,"caption":"GC-Colors"},"image":{"@id":"https:\/\/www.gc-colors.com\/fr\/#\/schema\/logo\/image\/"},"sameAs":["https:\/\/www.facebook.com\/GCcolors\/","https:\/\/x.com\/gccolors","https:\/\/www.linkedin.com\/company\/gyccolors?originalSubdomain=es"]}]}},"_links":{"self":[{"href":"https:\/\/www.gc-colors.com\/fr\/wp-json\/wp\/v2\/pages\/6680","targetHints":{"allow":["GET"]}}],"collection":[{"href":"https:\/\/www.gc-colors.com\/fr\/wp-json\/wp\/v2\/pages"}],"about":[{"href":"https:\/\/www.gc-colors.com\/fr\/wp-json\/wp\/v2\/types\/page"}],"author":[{"embeddable":true,"href":"https:\/\/www.gc-colors.com\/fr\/wp-json\/wp\/v2\/users\/1"}],"replies":[{"embeddable":true,"href":"https:\/\/www.gc-colors.com\/fr\/wp-json\/wp\/v2\/comments?post=6680"}],"version-history":[{"count":4,"href":"https:\/\/www.gc-colors.com\/fr\/wp-json\/wp\/v2\/pages\/6680\/revisions"}],"predecessor-version":[{"id":8103,"href":"https:\/\/www.gc-colors.com\/fr\/wp-json\/wp\/v2\/pages\/6680\/revisions\/8103"}],"wp:attachment":[{"href":"https:\/\/www.gc-colors.com\/fr\/wp-json\/wp\/v2\/media?parent=6680"}],"curies":[{"name":"wp","href":"https:\/\/api.w.org\/{rel}","templated":true}]}}