{"id":4139,"date":"2022-03-04T12:42:04","date_gmt":"2022-03-04T12:42:04","guid":{"rendered":"https:\/\/gc-colors.com\/?page_id=4139"},"modified":"2024-10-02T10:09:45","modified_gmt":"2024-10-02T08:09:45","slug":"politique-de-confidentialite","status":"publish","type":"page","link":"https:\/\/www.gc-colors.com\/fr\/politique-de-confidentialite\/","title":{"rendered":"Politique de confidentialit\u00e9"},"content":{"rendered":"<p><strong>G&amp;C COLORS, S.A.<\/strong> s&rsquo;engage clairement \u00e0 respecter la r\u00e9glementation europ\u00e9enne en mati\u00e8re de protection des donn\u00e9es d\u00e9velopp\u00e9e dans le r\u00e8glement (UE) 2016\/679 du Parlement europ\u00e9en et du Conseil du 27 avril 2016 (ci-apr\u00e8s RGPD) et la LOPDGDD 3\/2018 du 5 d\u00e9cembre, en garantissant le plein respect des obligations \u00e9nonc\u00e9es, ainsi que la mise en \u0153uvre des mesures de s\u00e9curit\u00e9 \u00e9nonc\u00e9es \u00e0 l&rsquo;article 32 du r\u00e8glement pr\u00e9cit\u00e9 (RGPD).<\/p>\n<p><strong>G&amp;C COLORS, S.A.,<\/strong> met \u00e0 la disposition des utilisateurs la politique de confidentialit\u00e9 de l&rsquo;entit\u00e9, en les informant des aspects suivants :<\/p>\n<p><strong>COORDONN\u00c9ES DE LA PERSONNE RESPONSABLE<\/strong><\/p>\n<p>Nom de l&rsquo;entreprise : G&amp;C COLORS, S.A.<\/p>\n<p>CIF : A73066755.<\/p>\n<p>Si\u00e8ge social : Calle R\u00edo Guadalent\u00edn, Parcela 20, Pol\u00edgono Industrial Ceut\u00ed. 30562 Ceut\u00ed-MURCIA<\/p>\n<p>T\u00e9l\u00e9phone : 968 694 899.<\/p>\n<p>Courriel de contact : info@gc-colors.com<\/p>\n<p>Repr\u00e9sentant l\u00e9gal : Jos\u00e9 Antonio Guillam\u00f3n Mart\u00ednez.<\/p>\n<p>Conform\u00e9ment aux dispositions des articles 5 et 6 du RGPD, nous vous informons que <strong>G&amp;C COLORS, S.A.,<\/strong> est responsable du traitement des donn\u00e9es collect\u00e9es sur ce site Web, qui comprendra les donn\u00e9es personnelles que vous nous fournissez, \u00e9tant soumis aux contr\u00f4les et aux r\u00e8gles \u00e9tablies dans le r\u00e8glement sur les mesures de s\u00e9curit\u00e9 et votre consentement expr\u00e8s sera demand\u00e9 pour le traitement en fonction des objectifs de ce traitement.<\/p>\n<p><strong>FINALIT\u00c9 DU TRAITEMENT<\/strong><\/p>\n<p>La finalit\u00e9 de la collecte des donn\u00e9es est de g\u00e9rer le service et les informations demand\u00e9es \u00e0 <strong>G&amp;C COLORS, S.A.<\/strong> par l&rsquo;utilisateur. Vos donn\u00e9es ne seront pas utilis\u00e9es \u00e0 des fins de profilage. Elles ne seront pas non plus utilis\u00e9es pour la prise de d\u00e9cision automatis\u00e9e.<\/p>\n<p>Les donn\u00e9es seront conserv\u00e9es pendant la p\u00e9riode n\u00e9cessaire \u00e0 l&rsquo;ex\u00e9cution du service demand\u00e9 ou dans la mesure o\u00f9 la loi l&rsquo;exige.<\/p>\n<p><strong>L\u00c9GITIMACIT\u00c9<\/strong><\/p>\n<p>Conform\u00e9ment aux dispositions de l&rsquo;art. 13 RGPD, nous vous informons que la base juridique du traitement est le consentement de l&rsquo;int\u00e9ress\u00e9 lorsqu&rsquo;il demande des informations ou remplit le questionnaire utilisateur et accepte notre politique de confidentialit\u00e9. La communication des donn\u00e9es est essentielle pour pouvoir r\u00e9pondre \u00e0 votre demande d&rsquo;information. Si vous ne nous communiquez pas vos donn\u00e9es, nous ne pourrons pas communiquer avec vous.<\/p>\n<p><strong>L&rsquo;ORIGINE DES DONN\u00c9ES<\/strong><\/p>\n<p>Les donn\u00e9es personnelles que nous traitons ont \u00e9t\u00e9 fournies directement par vous au moyen des diff\u00e9rents formulaires disponibles sur le site web.<\/p>\n<p><strong>LES DESTINATAIRES DES DONN\u00c9ES<\/strong><\/p>\n<p><strong>G&amp;C COLORS, S.A.,<\/strong> informe et garantit express\u00e9ment aux utilisateurs que leurs donn\u00e9es personnelles ne seront en aucun cas c\u00e9d\u00e9es \u00e0 des tiers, et que chaque fois qu&rsquo;un type quelconque de transfert de donn\u00e9es personnelles sera effectu\u00e9, le consentement expr\u00e8s, inform\u00e9 et sans \u00e9quivoque de l&rsquo;utilisateur sera demand\u00e9 au pr\u00e9alable.<\/p>\n<p>Le transfert international de donn\u00e9es personnelles n&rsquo;est pas pr\u00e9vu.<\/p>\n<p><strong>MESURES DE S\u00c9CURIT\u00c9<\/strong><\/p>\n<p>Conform\u00e9ment \u00e0 l&rsquo;art. 32 RGPD, relatif aux mesures de s\u00e9curit\u00e9,<strong> G&amp;C COLORS, S.A. <\/strong>a adopt\u00e9 les mesures techniques et organisationnelles n\u00e9cessaires pour garantir la s\u00e9curit\u00e9 et l&rsquo;int\u00e9grit\u00e9 des donn\u00e9es personnelles qu&rsquo;elle traite, ainsi que leur confidentialit\u00e9 et leur caract\u00e8re priv\u00e9, afin d&rsquo;\u00e9viter leur perte, leur alt\u00e9ration et\/ou leur acc\u00e8s par des tiers non autoris\u00e9s.<\/p>\n<p><strong>DROITS<\/strong><\/p>\n<p>Conform\u00e9ment aux dispositions de l&rsquo;article 15 et suivants du RGPD, le titulaire des donn\u00e9es personnelles peut \u00e0 tout moment exercer ses droits d&rsquo;acc\u00e8s, de rectification, d&rsquo;effacement, d&rsquo;opposition, de limitation et de portabilit\u00e9 aupr\u00e8s du responsable du traitement des donn\u00e9es, o\u00f9 nous lui fournirons les moyens de le faire. Vous pouvez exercer vos droits en envoyant un courrier \u00e9lectronique accompagn\u00e9 d&rsquo;une photocopie de votre carte d&rsquo;identit\u00e9 \u00e0 info@gc-colors.es ou en envoyant une demande \u00e9crite et sign\u00e9e, accompagn\u00e9e d&rsquo;une photocopie de votre carte d&rsquo;identit\u00e9 ou d&rsquo;un document d&rsquo;identification \u00e9quivalent, \u00e0 l&rsquo;adresse postale de cette soci\u00e9t\u00e9. Dans certaines circonstances, les parties int\u00e9ress\u00e9es peuvent demander la limitation du traitement de leurs donn\u00e9es, auquel cas nous ne les conserverons que pour l&rsquo;exercice ou la d\u00e9fense de revendications.<\/p>\n<p>N&rsquo;oubliez pas que vous pouvez d\u00e9poser une plainte aupr\u00e8s de l&rsquo;autorit\u00e9 de contr\u00f4le (Agence espagnole de protection des donn\u00e9es) si vous estimez que nous avons viol\u00e9 l&rsquo;un des droits que le RGPD ou ses r\u00e8glements d&rsquo;application reconnaissent.<\/p>\n<p><strong>G&amp;C COLORS, S.A.<\/strong> pourra modifier cette politique de confidentialit\u00e9 afin de l&rsquo;adapter aux modifications qui pourraient se produire en raison des changements l\u00e9gislatifs concernant les donn\u00e9es personnelles qui pourraient appara\u00eetre et affecter cette politique. Elle doit donc \u00eatre lue chaque fois que vous nous fournissez vos donn\u00e9es.<\/p>\n<p>&nbsp;<\/p>\n","protected":false},"excerpt":{"rendered":"<p>G&amp;C COLORS, S.A. s&rsquo;engage clairement \u00e0 respecter la r\u00e9glementation europ\u00e9enne en mati\u00e8re de protection des donn\u00e9es d\u00e9velopp\u00e9e dans le r\u00e8glement (UE) 2016\/679 du Parlement europ\u00e9en et du Conseil du 27 avril 2016 (ci-apr\u00e8s RGPD) et la LOPDGDD 3\/2018 du 5 d\u00e9cembre, en garantissant le plein respect des obligations \u00e9nonc\u00e9es, ainsi que la mise en \u0153uvre [&hellip;]<\/p>\n","protected":false},"author":3,"featured_media":0,"parent":0,"menu_order":0,"comment_status":"closed","ping_status":"open","template":"","meta":{"footnotes":""},"class_list":["post-4139","page","type-page","status-publish","hentry"],"yoast_head":"<!-- This site is optimized with the Yoast SEO plugin v25.1 - https:\/\/yoast.com\/wordpress\/plugins\/seo\/ -->\n<title>Politique de confidentialit\u00e9 - G&amp;C Colors, especialistas en la fabricaci\u00f3n de pigmentos inorg\u00e1nicos<\/title>\n<meta name=\"robots\" content=\"index, follow, max-snippet:-1, max-image-preview:large, max-video-preview:-1\" \/>\n<link rel=\"canonical\" href=\"https:\/\/www.gc-colors.com\/fr\/politique-de-confidentialite\/\" \/>\n<meta property=\"og:locale\" content=\"fr_FR\" \/>\n<meta property=\"og:type\" content=\"article\" \/>\n<meta property=\"og:title\" content=\"Politique de confidentialit\u00e9 - G&amp;C Colors, especialistas en la fabricaci\u00f3n de pigmentos inorg\u00e1nicos\" \/>\n<meta property=\"og:description\" content=\"G&amp;C COLORS, S.A. s&rsquo;engage clairement \u00e0 respecter la r\u00e9glementation europ\u00e9enne en mati\u00e8re de protection des donn\u00e9es d\u00e9velopp\u00e9e dans le r\u00e8glement (UE) 2016\/679 du Parlement europ\u00e9en et du Conseil du 27 avril 2016 (ci-apr\u00e8s RGPD) et la LOPDGDD 3\/2018 du 5 d\u00e9cembre, en garantissant le plein respect des obligations \u00e9nonc\u00e9es, ainsi que la mise en \u0153uvre [&hellip;]\" \/>\n<meta property=\"og:url\" content=\"https:\/\/www.gc-colors.com\/fr\/politique-de-confidentialite\/\" \/>\n<meta property=\"og:site_name\" content=\"G&amp;C Colors, especialistas en la fabricaci\u00f3n de pigmentos inorg\u00e1nicos\" \/>\n<meta property=\"article:publisher\" content=\"https:\/\/www.facebook.com\/GCcolors\/\" \/>\n<meta property=\"article:modified_time\" content=\"2024-10-02T08:09:45+00:00\" \/>\n<meta name=\"twitter:card\" content=\"summary_large_image\" \/>\n<meta name=\"twitter:site\" content=\"@gccolors\" \/>\n<meta name=\"twitter:label1\" content=\"Dur\u00e9e de lecture estim\u00e9e\" \/>\n\t<meta name=\"twitter:data1\" content=\"4 minutes\" \/>\n<script type=\"application\/ld+json\" class=\"yoast-schema-graph\">{\"@context\":\"https:\/\/schema.org\",\"@graph\":[{\"@type\":\"WebPage\",\"@id\":\"https:\/\/www.gc-colors.com\/fr\/politique-de-confidentialite\/\",\"url\":\"https:\/\/www.gc-colors.com\/fr\/politique-de-confidentialite\/\",\"name\":\"Politique de confidentialit\u00e9 - G&amp;C Colors, especialistas en la fabricaci\u00f3n de pigmentos inorg\u00e1nicos\",\"isPartOf\":{\"@id\":\"https:\/\/www.gc-colors.com\/fr\/#website\"},\"datePublished\":\"2022-03-04T12:42:04+00:00\",\"dateModified\":\"2024-10-02T08:09:45+00:00\",\"breadcrumb\":{\"@id\":\"https:\/\/www.gc-colors.com\/fr\/politique-de-confidentialite\/#breadcrumb\"},\"inLanguage\":\"fr-FR\",\"potentialAction\":[{\"@type\":\"ReadAction\",\"target\":[\"https:\/\/www.gc-colors.com\/fr\/politique-de-confidentialite\/\"]}]},{\"@type\":\"BreadcrumbList\",\"@id\":\"https:\/\/www.gc-colors.com\/fr\/politique-de-confidentialite\/#breadcrumb\",\"itemListElement\":[{\"@type\":\"ListItem\",\"position\":1,\"name\":\"Portada\",\"item\":\"https:\/\/www.gc-colors.com\/fr\/\"},{\"@type\":\"ListItem\",\"position\":2,\"name\":\"Politique de confidentialit\u00e9\"}]},{\"@type\":\"WebSite\",\"@id\":\"https:\/\/www.gc-colors.com\/fr\/#website\",\"url\":\"https:\/\/www.gc-colors.com\/fr\/\",\"name\":\"G&c Colors, especialistas en la fabricaci\u00f3n de pigmentos inorg\u00e1nicos\",\"description\":\"Especialistas en la fabricaci\u00f3n de pigmentos inorg\u00e1nicos\",\"publisher\":{\"@id\":\"https:\/\/www.gc-colors.com\/fr\/#organization\"},\"potentialAction\":[{\"@type\":\"SearchAction\",\"target\":{\"@type\":\"EntryPoint\",\"urlTemplate\":\"https:\/\/www.gc-colors.com\/fr\/?s={search_term_string}\"},\"query-input\":{\"@type\":\"PropertyValueSpecification\",\"valueRequired\":true,\"valueName\":\"search_term_string\"}}],\"inLanguage\":\"fr-FR\"},{\"@type\":\"Organization\",\"@id\":\"https:\/\/www.gc-colors.com\/fr\/#organization\",\"name\":\"GC-Colors\",\"url\":\"https:\/\/www.gc-colors.com\/fr\/\",\"logo\":{\"@type\":\"ImageObject\",\"inLanguage\":\"fr-FR\",\"@id\":\"https:\/\/www.gc-colors.com\/fr\/#\/schema\/logo\/image\/\",\"url\":\"https:\/\/www.gc-colors.com\/wp-content\/uploads\/2024\/03\/LOGO.png\",\"contentUrl\":\"https:\/\/www.gc-colors.com\/wp-content\/uploads\/2024\/03\/LOGO.png\",\"width\":163,\"height\":67,\"caption\":\"GC-Colors\"},\"image\":{\"@id\":\"https:\/\/www.gc-colors.com\/fr\/#\/schema\/logo\/image\/\"},\"sameAs\":[\"https:\/\/www.facebook.com\/GCcolors\/\",\"https:\/\/x.com\/gccolors\",\"https:\/\/www.linkedin.com\/company\/gyccolors?originalSubdomain=es\"]}]}<\/script>\n<!-- \/ Yoast SEO plugin. -->","yoast_head_json":{"title":"Politique de confidentialit\u00e9 - G&amp;C Colors, especialistas en la fabricaci\u00f3n de pigmentos inorg\u00e1nicos","robots":{"index":"index","follow":"follow","max-snippet":"max-snippet:-1","max-image-preview":"max-image-preview:large","max-video-preview":"max-video-preview:-1"},"canonical":"https:\/\/www.gc-colors.com\/fr\/politique-de-confidentialite\/","og_locale":"fr_FR","og_type":"article","og_title":"Politique de confidentialit\u00e9 - G&amp;C Colors, especialistas en la fabricaci\u00f3n de pigmentos inorg\u00e1nicos","og_description":"G&amp;C COLORS, S.A. s&rsquo;engage clairement \u00e0 respecter la r\u00e9glementation europ\u00e9enne en mati\u00e8re de protection des donn\u00e9es d\u00e9velopp\u00e9e dans le r\u00e8glement (UE) 2016\/679 du Parlement europ\u00e9en et du Conseil du 27 avril 2016 (ci-apr\u00e8s RGPD) et la LOPDGDD 3\/2018 du 5 d\u00e9cembre, en garantissant le plein respect des obligations \u00e9nonc\u00e9es, ainsi que la mise en \u0153uvre [&hellip;]","og_url":"https:\/\/www.gc-colors.com\/fr\/politique-de-confidentialite\/","og_site_name":"G&amp;C Colors, especialistas en la fabricaci\u00f3n de pigmentos inorg\u00e1nicos","article_publisher":"https:\/\/www.facebook.com\/GCcolors\/","article_modified_time":"2024-10-02T08:09:45+00:00","twitter_card":"summary_large_image","twitter_site":"@gccolors","twitter_misc":{"Dur\u00e9e de lecture estim\u00e9e":"4 minutes"},"schema":{"@context":"https:\/\/schema.org","@graph":[{"@type":"WebPage","@id":"https:\/\/www.gc-colors.com\/fr\/politique-de-confidentialite\/","url":"https:\/\/www.gc-colors.com\/fr\/politique-de-confidentialite\/","name":"Politique de confidentialit\u00e9 - G&amp;C Colors, especialistas en la fabricaci\u00f3n de pigmentos inorg\u00e1nicos","isPartOf":{"@id":"https:\/\/www.gc-colors.com\/fr\/#website"},"datePublished":"2022-03-04T12:42:04+00:00","dateModified":"2024-10-02T08:09:45+00:00","breadcrumb":{"@id":"https:\/\/www.gc-colors.com\/fr\/politique-de-confidentialite\/#breadcrumb"},"inLanguage":"fr-FR","potentialAction":[{"@type":"ReadAction","target":["https:\/\/www.gc-colors.com\/fr\/politique-de-confidentialite\/"]}]},{"@type":"BreadcrumbList","@id":"https:\/\/www.gc-colors.com\/fr\/politique-de-confidentialite\/#breadcrumb","itemListElement":[{"@type":"ListItem","position":1,"name":"Portada","item":"https:\/\/www.gc-colors.com\/fr\/"},{"@type":"ListItem","position":2,"name":"Politique de confidentialit\u00e9"}]},{"@type":"WebSite","@id":"https:\/\/www.gc-colors.com\/fr\/#website","url":"https:\/\/www.gc-colors.com\/fr\/","name":"G&c Colors, especialistas en la fabricaci\u00f3n de pigmentos inorg\u00e1nicos","description":"Especialistas en la fabricaci\u00f3n de pigmentos inorg\u00e1nicos","publisher":{"@id":"https:\/\/www.gc-colors.com\/fr\/#organization"},"potentialAction":[{"@type":"SearchAction","target":{"@type":"EntryPoint","urlTemplate":"https:\/\/www.gc-colors.com\/fr\/?s={search_term_string}"},"query-input":{"@type":"PropertyValueSpecification","valueRequired":true,"valueName":"search_term_string"}}],"inLanguage":"fr-FR"},{"@type":"Organization","@id":"https:\/\/www.gc-colors.com\/fr\/#organization","name":"GC-Colors","url":"https:\/\/www.gc-colors.com\/fr\/","logo":{"@type":"ImageObject","inLanguage":"fr-FR","@id":"https:\/\/www.gc-colors.com\/fr\/#\/schema\/logo\/image\/","url":"https:\/\/www.gc-colors.com\/wp-content\/uploads\/2024\/03\/LOGO.png","contentUrl":"https:\/\/www.gc-colors.com\/wp-content\/uploads\/2024\/03\/LOGO.png","width":163,"height":67,"caption":"GC-Colors"},"image":{"@id":"https:\/\/www.gc-colors.com\/fr\/#\/schema\/logo\/image\/"},"sameAs":["https:\/\/www.facebook.com\/GCcolors\/","https:\/\/x.com\/gccolors","https:\/\/www.linkedin.com\/company\/gyccolors?originalSubdomain=es"]}]}},"_links":{"self":[{"href":"https:\/\/www.gc-colors.com\/fr\/wp-json\/wp\/v2\/pages\/4139","targetHints":{"allow":["GET"]}}],"collection":[{"href":"https:\/\/www.gc-colors.com\/fr\/wp-json\/wp\/v2\/pages"}],"about":[{"href":"https:\/\/www.gc-colors.com\/fr\/wp-json\/wp\/v2\/types\/page"}],"author":[{"embeddable":true,"href":"https:\/\/www.gc-colors.com\/fr\/wp-json\/wp\/v2\/users\/3"}],"replies":[{"embeddable":true,"href":"https:\/\/www.gc-colors.com\/fr\/wp-json\/wp\/v2\/comments?post=4139"}],"version-history":[{"count":5,"href":"https:\/\/www.gc-colors.com\/fr\/wp-json\/wp\/v2\/pages\/4139\/revisions"}],"predecessor-version":[{"id":7880,"href":"https:\/\/www.gc-colors.com\/fr\/wp-json\/wp\/v2\/pages\/4139\/revisions\/7880"}],"wp:attachment":[{"href":"https:\/\/www.gc-colors.com\/fr\/wp-json\/wp\/v2\/media?parent=4139"}],"curies":[{"name":"wp","href":"https:\/\/api.w.org\/{rel}","templated":true}]}}