{"id":4133,"date":"2022-03-04T12:11:55","date_gmt":"2022-03-04T12:11:55","guid":{"rendered":"https:\/\/gc-colors.com\/?page_id=4133"},"modified":"2023-03-02T12:53:40","modified_gmt":"2023-03-02T12:53:40","slug":"politica-de-cookies","status":"publish","type":"page","link":"https:\/\/www.gc-colors.com\/fr\/politica-de-cookies\/","title":{"rendered":"Pol\u00edtica de Cookies"},"content":{"rendered":"<p>[et_pb_section fb_built=\u00a0\u00bb1&Prime; _builder_version=\u00a0\u00bb4.4.8&Prime;][et_pb_row _builder_version=\u00a0\u00bb4.4.8&Prime;][et_pb_column type=\u00a0\u00bb4_4&Prime; _builder_version=\u00a0\u00bb4.4.8&Prime;][et_pb_text _builder_version=\u00a0\u00bb4.9.10&Prime; hover_enabled=\u00a0\u00bb0&Prime; sticky_enabled=\u00a0\u00bb0&Prime;]<\/p>\n<h2 style=\"text-align: left;\"><span style=\"color: #8a1536;\">Politique en mati\u00e8re de cookies<\/span><\/h2>\n<p>[\/et_pb_text][et_pb_text _builder_version=\u00a0\u00bb4.9.10&Prime; hover_enabled=\u00a0\u00bb0&Prime; sticky_enabled=\u00a0\u00bb0&Prime;]<\/p>\n<p>Le site web www.gc-colors.com, propri\u00e9t\u00e9 de G&amp;C COLORS, S.A., utilise des cookies.<\/p>\n<p>Les cookies sont des fichiers qui sont t\u00e9l\u00e9charg\u00e9s sur votre ordinateur lorsque vous acc\u00e9dez \u00e0 certaines pages web. Ils permettent, entre autres, de stocker et de r\u00e9cup\u00e9rer des informations sur les habitudes de navigation d&rsquo;un utilisateur. Ils am\u00e9liorent \u00e9galement le processus de navigation, car ils permettent au site web d&rsquo;offrir \u00e0 l&rsquo;utilisateur des informations susceptibles de l&rsquo;int\u00e9resser en fonction de l&rsquo;utilisation qu&rsquo;il fait du contenu du site web.<\/p>\n<p>Si vous ne souhaitez pas recevoir de cookies, veuillez configurer votre navigateur Internet pour qu&rsquo;il les supprime du disque dur de votre ordinateur, les bloque ou vous avertisse s&rsquo;ils ont \u00e9t\u00e9 install\u00e9s.<\/p>\n<p><strong>CONSENTEMENT<\/strong><\/p>\n<p>Les cookies que nous utilisons ne stockent pas de donn\u00e9es personnelles, ni d&rsquo;informations permettant de vous identifier. Elles sont utilis\u00e9es aux fins suivantes : analyse des visites re\u00e7ues, des sections consult\u00e9es et des informations sur le site web, des itin\u00e9raires de navigation, de l&rsquo;origine des consultations re\u00e7ues, des dispositifs utilis\u00e9s et de l&rsquo;heure estim\u00e9e de chaque visite, entre autres.<\/p>\n<p>Lorsque vous commencerez \u00e0 naviguer pour la premi\u00e8re fois, une banni\u00e8re appara\u00eetra pour expliquer la politique en mati\u00e8re de cookies. En poursuivant votre visite sur notre site web, vous indiquez que vous consentez \u00e0 l&rsquo;utilisation de cookies. Ce consentement est valable pour la dur\u00e9e de votre visite sur le site web. Si vous n&rsquo;\u00eates pas d&rsquo;accord ou si vous r\u00e9voquez votre consentement, vous pouvez envoyer un courriel \u00e0 info@gc-colors.es.<\/p>\n<p><strong>TYPES DE COOKIES<\/strong><\/p>\n<p>En fonction de l&rsquo;entit\u00e9 ou de la soci\u00e9t\u00e9 qui g\u00e8re l&rsquo;origine des cookies et traite les donn\u00e9es obtenues, on peut distinguer deux types :<\/p>\n<p>Cookies propres : ce sont ceux qui sont envoy\u00e9s au dispositif de l&rsquo;utilisateur depuis un ordinateur ou un domaine g\u00e9r\u00e9 par l&rsquo;\u00e9diteur lui-m\u00eame et \u00e0 partir duquel le service demand\u00e9 par l&rsquo;utilisateur est fourni.<\/p>\n<p>Cookies de tiers : ce sont ceux qui sont envoy\u00e9s au dispositif de l&rsquo;utilisateur depuis un ordinateur ou un domaine qui n&rsquo;est pas g\u00e9r\u00e9 par l&rsquo;\u00e9diteur, mais par une autre entit\u00e9 ou soci\u00e9t\u00e9 qui traite les donn\u00e9es obtenues par le biais des cookies.<\/p>\n<p>Dans le cas o\u00f9 les cookies sont install\u00e9s \u00e0 partir d&rsquo;un ordinateur ou d&rsquo;un domaine g\u00e9r\u00e9 par l&rsquo;\u00e9diteur lui-m\u00eame, mais que les informations recueillies par leur interm\u00e9diaire sont g\u00e9r\u00e9es par un tiers, ils ne peuvent pas \u00eatre consid\u00e9r\u00e9s comme des cookies propres.<\/p>\n<p>D&rsquo;autre part, il existe \u00e9galement une deuxi\u00e8me classification en fonction de la dur\u00e9e pendant laquelle ils restent stock\u00e9s dans le navigateur du client. De cette mani\u00e8re, les cat\u00e9gories suivantes sont \u00e9tablies :<\/p>\n<p>Cookies de session : con\u00e7us pour collecter et stocker des donn\u00e9es pendant que l&rsquo;utilisateur acc\u00e8de \u00e0 un site web. Ils sont g\u00e9n\u00e9ralement utilis\u00e9s pour stocker des informations qui ne doivent \u00eatre conserv\u00e9es que pour la fourniture du service demand\u00e9 par l&rsquo;utilisateur \u00e0 une seule occasion.<\/p>\n<p>Cookies persistants : les donn\u00e9es restent stock\u00e9es dans le terminal et peuvent \u00eatre utilis\u00e9es par la partie responsable du cookie pendant une p\u00e9riode d\u00e9finie, qui peut aller de quelques minutes \u00e0 plusieurs ann\u00e9es.<\/p>\n<p>Il existe \u00e9galement une autre classification qui fait r\u00e9f\u00e9rence \u00e0 la finalit\u00e9 du traitement des donn\u00e9es obtenues :<\/p>\n<p>Cookies techniques : ceux qui permettent \u00e0 l&rsquo;utilisateur de naviguer sur un site web, une plateforme ou une application et l&rsquo;utilisation des diff\u00e9rentes options ou services qui y existent comme, par exemple, le contr\u00f4le du trafic et de la communication des donn\u00e9es, l&rsquo;identification de la session, l&rsquo;acc\u00e8s \u00e0 des parties d&rsquo;acc\u00e8s restreint, la m\u00e9morisation des \u00e9l\u00e9ments qui composent une commande, l&rsquo;ex\u00e9cution du processus d&rsquo;achat d&rsquo;une commande, l&rsquo;envoi d&rsquo;une demande d&rsquo;inscription ou de participation \u00e0 un \u00e9v\u00e9nement, l&rsquo;utilisation d&rsquo;\u00e9l\u00e9ments de s\u00e9curit\u00e9 pendant la navigation, le stockage de contenus pour la diffusion de vid\u00e9os, de sons ou le partage de contenus \u00e0 travers les r\u00e9seaux sociaux.<\/p>\n<p>Cookies de personnalisation : ils permettent \u00e0 l&rsquo;utilisateur d&rsquo;acc\u00e9der au service avec certaines caract\u00e9ristiques g\u00e9n\u00e9rales pr\u00e9d\u00e9finies en fonction d&rsquo;une s\u00e9rie de crit\u00e8res du terminal de l&rsquo;utilisateur, tels que la langue, le type de navigateur \u00e0 travers lequel on acc\u00e8de au service, la configuration r\u00e9gionale, etc.<\/p>\n<p>Cookies d&rsquo;analyse : ils permettent \u00e0 la partie qui en est responsable de suivre et d&rsquo;analyser le comportement des utilisateurs des sites web auxquels ils sont li\u00e9s. Les informations recueillies par ce type de cookies sont utilis\u00e9es pour mesurer l&rsquo;activit\u00e9 des sites web, de l&rsquo;application ou de la plateforme et pour l&rsquo;\u00e9laboration de profils de navigation des utilisateurs de ces sites, afin d&rsquo;introduire des am\u00e9liorations bas\u00e9es sur l&rsquo;analyse des donn\u00e9es relatives \u00e0 l&rsquo;utilisation faite par les utilisateurs du service.<\/p>\n<p>Cookies publicitaires: ils permettent de g\u00e9rer, de la mani\u00e8re la plus efficace possible, les espaces publicitaires.<\/p>\n<p>Cookies publicitaires d&rsquo;analyse comportementale : ils stockent des informations sur le comportement des utilisateurs obtenues par l&rsquo;observation continue de leurs habitudes de navigation, ce qui permet de d\u00e9velopper un profil sp\u00e9cifique afin d&rsquo;afficher des publicit\u00e9s bas\u00e9es sur ce dernier.<\/p>\n<p>Cookies de r\u00e9seaux sociaux externes : ils sont utilis\u00e9s pour que les visiteurs puissent interagir avec le contenu de diff\u00e9rentes plateformes sociales (Facebook, YouTube, Twitter, LinkedIn, etc.) et ne sont g\u00e9n\u00e9r\u00e9s que pour les utilisateurs de ces r\u00e9seaux sociaux. Les conditions d&rsquo;utilisation de ces cookies et les informations collect\u00e9es sont r\u00e9glement\u00e9es dans la politique de confidentialit\u00e9 de la plateforme sociale correspondante.\u00a0\u00a0\u00a0<\/p>\n<p><strong>COMMENT D\u00c9SACTIVER OU BLOQUER LES COOKIES INSTALL\u00c9S.<\/strong><\/p>\n<p>Vous pouvez d\u00e9sactiver ou bloquer les cookies install\u00e9s sur votre ordinateur en configurant les options de votre navigateur. Vous trouverez des informations sur la mani\u00e8re de proc\u00e9der dans les navigateurs les plus courants dans les liens suivants :<\/p>\n<p>Microsoft Internet Explorer : https:\/\/support.microsoft.com\/es-es\/kb\/278835<\/p>\n<p>Microsoft Edge : https:\/\/support.microsoft.com\/es-es\/help\/4027947\/microsoft-edge-delete-cookies<\/p>\n<p>Google Chrome : http:\/\/support.google.com\/chrome\/bin\/answer.py?hl=es&amp;answer=95647<\/p>\n<p>Mozilla Firefox : https:\/\/support.mozilla.org\/es\/kb\/Borrar%20cookies<\/p>\n<p>Safari : https:\/\/support.apple.com\/es-es\/HT201265<\/p>\n<p>Op\u00e9ra : https:\/\/help.opera.com\/en\/latest\/web-preferences\/#cookies<\/p>\n<p>Toutefois, nous vous informons de la possibilit\u00e9 que la d\u00e9sactivation d&rsquo;un cookie puisse emp\u00eacher ou g\u00eaner la navigation ou la fourniture des services propos\u00e9s sur le site.<\/p>\n<p>Le site web www.gc-colors.com, propri\u00e9t\u00e9 de <strong>G&amp;C COLORS, S.A.,<\/strong> pourra modifier cette politique de cookies en fonction des changements de la r\u00e9glementation, conform\u00e9ment aux directives de l&rsquo;Agence espagnole de protection des donn\u00e9es (AEPD). C&rsquo;est pourquoi nous conseillons \u00e0 l&rsquo;utilisateur de le visiter p\u00e9riodiquement.<\/p>\n<p>[\/et_pb_text][\/et_pb_column][\/et_pb_row][\/et_pb_section]<\/p>\n","protected":false},"excerpt":{"rendered":"<p>[et_pb_section fb_built=\u00a0\u00bb1&Prime; _builder_version=\u00a0\u00bb4.4.8&Prime;][et_pb_row _builder_version=\u00a0\u00bb4.4.8&Prime;][et_pb_column type=\u00a0\u00bb4_4&Prime; _builder_version=\u00a0\u00bb4.4.8&Prime;][et_pb_text _builder_version=\u00a0\u00bb4.9.10&Prime; hover_enabled=\u00a0\u00bb0&Prime; sticky_enabled=\u00a0\u00bb0&Prime;] Politique en mati\u00e8re de cookies [\/et_pb_text][et_pb_text _builder_version=\u00a0\u00bb4.9.10&Prime; hover_enabled=\u00a0\u00bb0&Prime; sticky_enabled=\u00a0\u00bb0&Prime;] Le site web www.gc-colors.com, propri\u00e9t\u00e9 de G&amp;C COLORS, S.A., utilise des cookies. Les cookies sont des fichiers qui sont t\u00e9l\u00e9charg\u00e9s sur votre ordinateur lorsque vous acc\u00e9dez \u00e0 certaines pages web. Ils permettent, entre autres, de stocker et [&hellip;]<\/p>\n","protected":false},"author":3,"featured_media":0,"parent":0,"menu_order":0,"comment_status":"closed","ping_status":"closed","template":"","meta":{"footnotes":""},"class_list":["post-4133","page","type-page","status-publish","hentry"],"yoast_head":"<!-- This site is optimized with the Yoast SEO plugin v25.1 - https:\/\/yoast.com\/wordpress\/plugins\/seo\/ -->\n<title>Pol\u00edtica de Cookies - G&amp;C Colors, especialistas en la fabricaci\u00f3n de pigmentos inorg\u00e1nicos<\/title>\n<meta name=\"robots\" content=\"index, follow, max-snippet:-1, max-image-preview:large, max-video-preview:-1\" \/>\n<link rel=\"canonical\" href=\"https:\/\/www.gc-colors.com\/fr\/politica-de-cookies\/\" \/>\n<meta property=\"og:locale\" content=\"fr_FR\" \/>\n<meta property=\"og:type\" content=\"article\" \/>\n<meta property=\"og:title\" content=\"Pol\u00edtica de Cookies - G&amp;C Colors, especialistas en la fabricaci\u00f3n de pigmentos inorg\u00e1nicos\" \/>\n<meta property=\"og:description\" content=\"[et_pb_section fb_built=\u00a0\u00bb1&Prime; _builder_version=\u00a0\u00bb4.4.8&Prime;][et_pb_row _builder_version=\u00a0\u00bb4.4.8&Prime;][et_pb_column type=\u00a0\u00bb4_4&Prime; _builder_version=\u00a0\u00bb4.4.8&Prime;][et_pb_text _builder_version=\u00a0\u00bb4.9.10&Prime; hover_enabled=\u00a0\u00bb0&Prime; sticky_enabled=\u00a0\u00bb0&Prime;] Politique en mati\u00e8re de cookies [\/et_pb_text][et_pb_text _builder_version=\u00a0\u00bb4.9.10&Prime; hover_enabled=\u00a0\u00bb0&Prime; sticky_enabled=\u00a0\u00bb0&Prime;] Le site web www.gc-colors.com, propri\u00e9t\u00e9 de G&amp;C COLORS, S.A., utilise des cookies. Les cookies sont des fichiers qui sont t\u00e9l\u00e9charg\u00e9s sur votre ordinateur lorsque vous acc\u00e9dez \u00e0 certaines pages web. Ils permettent, entre autres, de stocker et [&hellip;]\" \/>\n<meta property=\"og:url\" content=\"https:\/\/www.gc-colors.com\/fr\/politica-de-cookies\/\" \/>\n<meta property=\"og:site_name\" content=\"G&amp;C Colors, especialistas en la fabricaci\u00f3n de pigmentos inorg\u00e1nicos\" \/>\n<meta property=\"article:publisher\" content=\"https:\/\/www.facebook.com\/GCcolors\/\" \/>\n<meta property=\"article:modified_time\" content=\"2023-03-02T12:53:40+00:00\" \/>\n<meta name=\"twitter:card\" content=\"summary_large_image\" \/>\n<meta name=\"twitter:site\" content=\"@gccolors\" \/>\n<meta name=\"twitter:label1\" content=\"Dur\u00e9e de lecture estim\u00e9e\" \/>\n\t<meta name=\"twitter:data1\" content=\"5 minutes\" \/>\n<script type=\"application\/ld+json\" class=\"yoast-schema-graph\">{\"@context\":\"https:\/\/schema.org\",\"@graph\":[{\"@type\":\"WebPage\",\"@id\":\"https:\/\/www.gc-colors.com\/fr\/politica-de-cookies\/\",\"url\":\"https:\/\/www.gc-colors.com\/fr\/politica-de-cookies\/\",\"name\":\"Pol\u00edtica de Cookies - G&amp;C Colors, especialistas en la fabricaci\u00f3n de pigmentos inorg\u00e1nicos\",\"isPartOf\":{\"@id\":\"https:\/\/www.gc-colors.com\/fr\/#website\"},\"datePublished\":\"2022-03-04T12:11:55+00:00\",\"dateModified\":\"2023-03-02T12:53:40+00:00\",\"breadcrumb\":{\"@id\":\"https:\/\/www.gc-colors.com\/fr\/politica-de-cookies\/#breadcrumb\"},\"inLanguage\":\"fr-FR\",\"potentialAction\":[{\"@type\":\"ReadAction\",\"target\":[\"https:\/\/www.gc-colors.com\/fr\/politica-de-cookies\/\"]}]},{\"@type\":\"BreadcrumbList\",\"@id\":\"https:\/\/www.gc-colors.com\/fr\/politica-de-cookies\/#breadcrumb\",\"itemListElement\":[{\"@type\":\"ListItem\",\"position\":1,\"name\":\"Portada\",\"item\":\"https:\/\/www.gc-colors.com\/fr\/\"},{\"@type\":\"ListItem\",\"position\":2,\"name\":\"Pol\u00edtica de Cookies\"}]},{\"@type\":\"WebSite\",\"@id\":\"https:\/\/www.gc-colors.com\/fr\/#website\",\"url\":\"https:\/\/www.gc-colors.com\/fr\/\",\"name\":\"G&c Colors, especialistas en la fabricaci\u00f3n de pigmentos inorg\u00e1nicos\",\"description\":\"Especialistas en la fabricaci\u00f3n de pigmentos inorg\u00e1nicos\",\"publisher\":{\"@id\":\"https:\/\/www.gc-colors.com\/fr\/#organization\"},\"potentialAction\":[{\"@type\":\"SearchAction\",\"target\":{\"@type\":\"EntryPoint\",\"urlTemplate\":\"https:\/\/www.gc-colors.com\/fr\/?s={search_term_string}\"},\"query-input\":{\"@type\":\"PropertyValueSpecification\",\"valueRequired\":true,\"valueName\":\"search_term_string\"}}],\"inLanguage\":\"fr-FR\"},{\"@type\":\"Organization\",\"@id\":\"https:\/\/www.gc-colors.com\/fr\/#organization\",\"name\":\"GC-Colors\",\"url\":\"https:\/\/www.gc-colors.com\/fr\/\",\"logo\":{\"@type\":\"ImageObject\",\"inLanguage\":\"fr-FR\",\"@id\":\"https:\/\/www.gc-colors.com\/fr\/#\/schema\/logo\/image\/\",\"url\":\"https:\/\/www.gc-colors.com\/wp-content\/uploads\/2024\/03\/LOGO.png\",\"contentUrl\":\"https:\/\/www.gc-colors.com\/wp-content\/uploads\/2024\/03\/LOGO.png\",\"width\":163,\"height\":67,\"caption\":\"GC-Colors\"},\"image\":{\"@id\":\"https:\/\/www.gc-colors.com\/fr\/#\/schema\/logo\/image\/\"},\"sameAs\":[\"https:\/\/www.facebook.com\/GCcolors\/\",\"https:\/\/x.com\/gccolors\",\"https:\/\/www.linkedin.com\/company\/gyccolors?originalSubdomain=es\"]}]}<\/script>\n<!-- \/ Yoast SEO plugin. -->","yoast_head_json":{"title":"Pol\u00edtica de Cookies - G&amp;C Colors, especialistas en la fabricaci\u00f3n de pigmentos inorg\u00e1nicos","robots":{"index":"index","follow":"follow","max-snippet":"max-snippet:-1","max-image-preview":"max-image-preview:large","max-video-preview":"max-video-preview:-1"},"canonical":"https:\/\/www.gc-colors.com\/fr\/politica-de-cookies\/","og_locale":"fr_FR","og_type":"article","og_title":"Pol\u00edtica de Cookies - G&amp;C Colors, especialistas en la fabricaci\u00f3n de pigmentos inorg\u00e1nicos","og_description":"[et_pb_section fb_built=\u00a0\u00bb1&Prime; _builder_version=\u00a0\u00bb4.4.8&Prime;][et_pb_row _builder_version=\u00a0\u00bb4.4.8&Prime;][et_pb_column type=\u00a0\u00bb4_4&Prime; _builder_version=\u00a0\u00bb4.4.8&Prime;][et_pb_text _builder_version=\u00a0\u00bb4.9.10&Prime; hover_enabled=\u00a0\u00bb0&Prime; sticky_enabled=\u00a0\u00bb0&Prime;] Politique en mati\u00e8re de cookies [\/et_pb_text][et_pb_text _builder_version=\u00a0\u00bb4.9.10&Prime; hover_enabled=\u00a0\u00bb0&Prime; sticky_enabled=\u00a0\u00bb0&Prime;] Le site web www.gc-colors.com, propri\u00e9t\u00e9 de G&amp;C COLORS, S.A., utilise des cookies. Les cookies sont des fichiers qui sont t\u00e9l\u00e9charg\u00e9s sur votre ordinateur lorsque vous acc\u00e9dez \u00e0 certaines pages web. Ils permettent, entre autres, de stocker et [&hellip;]","og_url":"https:\/\/www.gc-colors.com\/fr\/politica-de-cookies\/","og_site_name":"G&amp;C Colors, especialistas en la fabricaci\u00f3n de pigmentos inorg\u00e1nicos","article_publisher":"https:\/\/www.facebook.com\/GCcolors\/","article_modified_time":"2023-03-02T12:53:40+00:00","twitter_card":"summary_large_image","twitter_site":"@gccolors","twitter_misc":{"Dur\u00e9e de lecture estim\u00e9e":"5 minutes"},"schema":{"@context":"https:\/\/schema.org","@graph":[{"@type":"WebPage","@id":"https:\/\/www.gc-colors.com\/fr\/politica-de-cookies\/","url":"https:\/\/www.gc-colors.com\/fr\/politica-de-cookies\/","name":"Pol\u00edtica de Cookies - G&amp;C Colors, especialistas en la fabricaci\u00f3n de pigmentos inorg\u00e1nicos","isPartOf":{"@id":"https:\/\/www.gc-colors.com\/fr\/#website"},"datePublished":"2022-03-04T12:11:55+00:00","dateModified":"2023-03-02T12:53:40+00:00","breadcrumb":{"@id":"https:\/\/www.gc-colors.com\/fr\/politica-de-cookies\/#breadcrumb"},"inLanguage":"fr-FR","potentialAction":[{"@type":"ReadAction","target":["https:\/\/www.gc-colors.com\/fr\/politica-de-cookies\/"]}]},{"@type":"BreadcrumbList","@id":"https:\/\/www.gc-colors.com\/fr\/politica-de-cookies\/#breadcrumb","itemListElement":[{"@type":"ListItem","position":1,"name":"Portada","item":"https:\/\/www.gc-colors.com\/fr\/"},{"@type":"ListItem","position":2,"name":"Pol\u00edtica de Cookies"}]},{"@type":"WebSite","@id":"https:\/\/www.gc-colors.com\/fr\/#website","url":"https:\/\/www.gc-colors.com\/fr\/","name":"G&c Colors, especialistas en la fabricaci\u00f3n de pigmentos inorg\u00e1nicos","description":"Especialistas en la fabricaci\u00f3n de pigmentos inorg\u00e1nicos","publisher":{"@id":"https:\/\/www.gc-colors.com\/fr\/#organization"},"potentialAction":[{"@type":"SearchAction","target":{"@type":"EntryPoint","urlTemplate":"https:\/\/www.gc-colors.com\/fr\/?s={search_term_string}"},"query-input":{"@type":"PropertyValueSpecification","valueRequired":true,"valueName":"search_term_string"}}],"inLanguage":"fr-FR"},{"@type":"Organization","@id":"https:\/\/www.gc-colors.com\/fr\/#organization","name":"GC-Colors","url":"https:\/\/www.gc-colors.com\/fr\/","logo":{"@type":"ImageObject","inLanguage":"fr-FR","@id":"https:\/\/www.gc-colors.com\/fr\/#\/schema\/logo\/image\/","url":"https:\/\/www.gc-colors.com\/wp-content\/uploads\/2024\/03\/LOGO.png","contentUrl":"https:\/\/www.gc-colors.com\/wp-content\/uploads\/2024\/03\/LOGO.png","width":163,"height":67,"caption":"GC-Colors"},"image":{"@id":"https:\/\/www.gc-colors.com\/fr\/#\/schema\/logo\/image\/"},"sameAs":["https:\/\/www.facebook.com\/GCcolors\/","https:\/\/x.com\/gccolors","https:\/\/www.linkedin.com\/company\/gyccolors?originalSubdomain=es"]}]}},"_links":{"self":[{"href":"https:\/\/www.gc-colors.com\/fr\/wp-json\/wp\/v2\/pages\/4133","targetHints":{"allow":["GET"]}}],"collection":[{"href":"https:\/\/www.gc-colors.com\/fr\/wp-json\/wp\/v2\/pages"}],"about":[{"href":"https:\/\/www.gc-colors.com\/fr\/wp-json\/wp\/v2\/types\/page"}],"author":[{"embeddable":true,"href":"https:\/\/www.gc-colors.com\/fr\/wp-json\/wp\/v2\/users\/3"}],"replies":[{"embeddable":true,"href":"https:\/\/www.gc-colors.com\/fr\/wp-json\/wp\/v2\/comments?post=4133"}],"version-history":[{"count":5,"href":"https:\/\/www.gc-colors.com\/fr\/wp-json\/wp\/v2\/pages\/4133\/revisions"}],"predecessor-version":[{"id":4138,"href":"https:\/\/www.gc-colors.com\/fr\/wp-json\/wp\/v2\/pages\/4133\/revisions\/4138"}],"wp:attachment":[{"href":"https:\/\/www.gc-colors.com\/fr\/wp-json\/wp\/v2\/media?parent=4133"}],"curies":[{"name":"wp","href":"https:\/\/api.w.org\/{rel}","templated":true}]}}