{"id":3208,"date":"2020-10-16T08:38:09","date_gmt":"2020-10-16T08:38:09","guid":{"rendered":"http:\/\/gc-colors.com\/product\/import-placeholder-for-2850"},"modified":"2024-08-14T13:32:37","modified_gmt":"2024-08-14T11:32:37","slug":"chromafer-6998","status":"publish","type":"product","link":"https:\/\/www.gc-colors.com\/en\/producto\/chromafer-6998\/","title":{"rendered":"ChromaFer 6998"},"content":{"rendered":"","protected":false},"excerpt":{"rendered":"","protected":false},"featured_media":7116,"template":"","meta":[],"product_brand":[],"product_cat":[523,1053,1049,670],"product_tag":[],"class_list":{"0":"post-3208","1":"product","2":"type-product","3":"status-publish","4":"has-post-thumbnail","6":"product_cat-chromafer","7":"product_cat-construccion","8":"product_cat-pigmentos","9":"product_cat-productos","11":"first","12":"instock","13":"shipping-taxable","14":"product-type-simple"},"yoast_head":"<!-- This site is optimized with the Yoast SEO plugin v25.1 - https:\/\/yoast.com\/wordpress\/plugins\/seo\/ -->\n<title>ChromaFer 6998 - G&amp;C Colors, especialistas en la fabricaci\u00f3n de pigmentos inorg\u00e1nicos<\/title>\n<meta name=\"robots\" content=\"index, follow, max-snippet:-1, max-image-preview:large, max-video-preview:-1\" \/>\n<link rel=\"canonical\" href=\"https:\/\/www.gc-colors.com\/en\/producto\/chromafer-6998\/\" \/>\n<meta property=\"og:locale\" content=\"en_US\" \/>\n<meta property=\"og:type\" content=\"article\" \/>\n<meta property=\"og:title\" content=\"ChromaFer 6998 - G&amp;C Colors, especialistas en la fabricaci\u00f3n de pigmentos inorg\u00e1nicos\" \/>\n<meta property=\"og:url\" content=\"https:\/\/www.gc-colors.com\/en\/producto\/chromafer-6998\/\" \/>\n<meta property=\"og:site_name\" content=\"G&amp;C Colors, especialistas en la fabricaci\u00f3n de pigmentos inorg\u00e1nicos\" \/>\n<meta property=\"article:publisher\" content=\"https:\/\/www.facebook.com\/GCcolors\/\" \/>\n<meta property=\"article:modified_time\" content=\"2024-08-14T11:32:37+00:00\" \/>\n<meta property=\"og:image\" content=\"https:\/\/www.gc-colors.com\/wp-content\/uploads\/2020\/10\/6998-CB.jpg\" \/>\n\t<meta property=\"og:image:width\" content=\"550\" \/>\n\t<meta property=\"og:image:height\" content=\"550\" \/>\n\t<meta property=\"og:image:type\" content=\"image\/jpeg\" \/>\n<meta name=\"twitter:card\" content=\"summary_large_image\" \/>\n<meta name=\"twitter:site\" content=\"@gccolors\" \/>\n<meta name=\"twitter:label1\" content=\"Est. reading time\" \/>\n\t<meta name=\"twitter:data1\" content=\"1 minute\" \/>\n<script type=\"application\/ld+json\" class=\"yoast-schema-graph\">{\"@context\":\"https:\/\/schema.org\",\"@graph\":[{\"@type\":\"WebPage\",\"@id\":\"https:\/\/www.gc-colors.com\/en\/producto\/chromafer-6998\/\",\"url\":\"https:\/\/www.gc-colors.com\/en\/producto\/chromafer-6998\/\",\"name\":\"ChromaFer 6998 - G&amp;C Colors, especialistas en la fabricaci\u00f3n de pigmentos inorg\u00e1nicos\",\"isPartOf\":{\"@id\":\"https:\/\/www.gc-colors.com\/en\/#website\"},\"primaryImageOfPage\":{\"@id\":\"https:\/\/www.gc-colors.com\/en\/producto\/chromafer-6998\/#primaryimage\"},\"image\":{\"@id\":\"https:\/\/www.gc-colors.com\/en\/producto\/chromafer-6998\/#primaryimage\"},\"thumbnailUrl\":\"https:\/\/www.gc-colors.com\/wp-content\/uploads\/2020\/10\/6998-CB.jpg\",\"datePublished\":\"2020-10-16T08:38:09+00:00\",\"dateModified\":\"2024-08-14T11:32:37+00:00\",\"breadcrumb\":{\"@id\":\"https:\/\/www.gc-colors.com\/en\/producto\/chromafer-6998\/#breadcrumb\"},\"inLanguage\":\"en-US\",\"potentialAction\":[{\"@type\":\"ReadAction\",\"target\":[\"https:\/\/www.gc-colors.com\/en\/producto\/chromafer-6998\/\"]}]},{\"@type\":\"ImageObject\",\"inLanguage\":\"en-US\",\"@id\":\"https:\/\/www.gc-colors.com\/en\/producto\/chromafer-6998\/#primaryimage\",\"url\":\"https:\/\/www.gc-colors.com\/wp-content\/uploads\/2020\/10\/6998-CB.jpg\",\"contentUrl\":\"https:\/\/www.gc-colors.com\/wp-content\/uploads\/2020\/10\/6998-CB.jpg\",\"width\":550,\"height\":550},{\"@type\":\"BreadcrumbList\",\"@id\":\"https:\/\/www.gc-colors.com\/en\/producto\/chromafer-6998\/#breadcrumb\",\"itemListElement\":[{\"@type\":\"ListItem\",\"position\":1,\"name\":\"Portada\",\"item\":\"https:\/\/www.gc-colors.com\/en\/\"},{\"@type\":\"ListItem\",\"position\":2,\"name\":\"Products\",\"item\":\"https:\/\/www.gc-colors.com\/en\/shop\/\"},{\"@type\":\"ListItem\",\"position\":3,\"name\":\"ChromaFer 6998\"}]},{\"@type\":\"WebSite\",\"@id\":\"https:\/\/www.gc-colors.com\/en\/#website\",\"url\":\"https:\/\/www.gc-colors.com\/en\/\",\"name\":\"G&c Colors, especialistas en la fabricaci\u00f3n de pigmentos inorg\u00e1nicos\",\"description\":\"Especialistas en la fabricaci\u00f3n de pigmentos inorg\u00e1nicos\",\"publisher\":{\"@id\":\"https:\/\/www.gc-colors.com\/en\/#organization\"},\"potentialAction\":[{\"@type\":\"SearchAction\",\"target\":{\"@type\":\"EntryPoint\",\"urlTemplate\":\"https:\/\/www.gc-colors.com\/en\/?s={search_term_string}\"},\"query-input\":{\"@type\":\"PropertyValueSpecification\",\"valueRequired\":true,\"valueName\":\"search_term_string\"}}],\"inLanguage\":\"en-US\"},{\"@type\":\"Organization\",\"@id\":\"https:\/\/www.gc-colors.com\/en\/#organization\",\"name\":\"GC-Colors\",\"url\":\"https:\/\/www.gc-colors.com\/en\/\",\"logo\":{\"@type\":\"ImageObject\",\"inLanguage\":\"en-US\",\"@id\":\"https:\/\/www.gc-colors.com\/en\/#\/schema\/logo\/image\/\",\"url\":\"https:\/\/www.gc-colors.com\/wp-content\/uploads\/2024\/03\/LOGO.png\",\"contentUrl\":\"https:\/\/www.gc-colors.com\/wp-content\/uploads\/2024\/03\/LOGO.png\",\"width\":163,\"height\":67,\"caption\":\"GC-Colors\"},\"image\":{\"@id\":\"https:\/\/www.gc-colors.com\/en\/#\/schema\/logo\/image\/\"},\"sameAs\":[\"https:\/\/www.facebook.com\/GCcolors\/\",\"https:\/\/x.com\/gccolors\",\"https:\/\/www.linkedin.com\/company\/gyccolors?originalSubdomain=es\"]}]}<\/script>\n<!-- \/ Yoast SEO plugin. -->","yoast_head_json":{"title":"ChromaFer 6998 - G&amp;C Colors, especialistas en la fabricaci\u00f3n de pigmentos inorg\u00e1nicos","robots":{"index":"index","follow":"follow","max-snippet":"max-snippet:-1","max-image-preview":"max-image-preview:large","max-video-preview":"max-video-preview:-1"},"canonical":"https:\/\/www.gc-colors.com\/en\/producto\/chromafer-6998\/","og_locale":"en_US","og_type":"article","og_title":"ChromaFer 6998 - G&amp;C Colors, especialistas en la fabricaci\u00f3n de pigmentos inorg\u00e1nicos","og_url":"https:\/\/www.gc-colors.com\/en\/producto\/chromafer-6998\/","og_site_name":"G&amp;C Colors, especialistas en la fabricaci\u00f3n de pigmentos inorg\u00e1nicos","article_publisher":"https:\/\/www.facebook.com\/GCcolors\/","article_modified_time":"2024-08-14T11:32:37+00:00","og_image":[{"width":550,"height":550,"url":"https:\/\/www.gc-colors.com\/wp-content\/uploads\/2020\/10\/6998-CB.jpg","type":"image\/jpeg"}],"twitter_card":"summary_large_image","twitter_site":"@gccolors","twitter_misc":{"Est. reading time":"1 minute"},"schema":{"@context":"https:\/\/schema.org","@graph":[{"@type":"WebPage","@id":"https:\/\/www.gc-colors.com\/en\/producto\/chromafer-6998\/","url":"https:\/\/www.gc-colors.com\/en\/producto\/chromafer-6998\/","name":"ChromaFer 6998 - G&amp;C Colors, especialistas en la fabricaci\u00f3n de pigmentos inorg\u00e1nicos","isPartOf":{"@id":"https:\/\/www.gc-colors.com\/en\/#website"},"primaryImageOfPage":{"@id":"https:\/\/www.gc-colors.com\/en\/producto\/chromafer-6998\/#primaryimage"},"image":{"@id":"https:\/\/www.gc-colors.com\/en\/producto\/chromafer-6998\/#primaryimage"},"thumbnailUrl":"https:\/\/www.gc-colors.com\/wp-content\/uploads\/2020\/10\/6998-CB.jpg","datePublished":"2020-10-16T08:38:09+00:00","dateModified":"2024-08-14T11:32:37+00:00","breadcrumb":{"@id":"https:\/\/www.gc-colors.com\/en\/producto\/chromafer-6998\/#breadcrumb"},"inLanguage":"en-US","potentialAction":[{"@type":"ReadAction","target":["https:\/\/www.gc-colors.com\/en\/producto\/chromafer-6998\/"]}]},{"@type":"ImageObject","inLanguage":"en-US","@id":"https:\/\/www.gc-colors.com\/en\/producto\/chromafer-6998\/#primaryimage","url":"https:\/\/www.gc-colors.com\/wp-content\/uploads\/2020\/10\/6998-CB.jpg","contentUrl":"https:\/\/www.gc-colors.com\/wp-content\/uploads\/2020\/10\/6998-CB.jpg","width":550,"height":550},{"@type":"BreadcrumbList","@id":"https:\/\/www.gc-colors.com\/en\/producto\/chromafer-6998\/#breadcrumb","itemListElement":[{"@type":"ListItem","position":1,"name":"Portada","item":"https:\/\/www.gc-colors.com\/en\/"},{"@type":"ListItem","position":2,"name":"Products","item":"https:\/\/www.gc-colors.com\/en\/shop\/"},{"@type":"ListItem","position":3,"name":"ChromaFer 6998"}]},{"@type":"WebSite","@id":"https:\/\/www.gc-colors.com\/en\/#website","url":"https:\/\/www.gc-colors.com\/en\/","name":"G&c Colors, especialistas en la fabricaci\u00f3n de pigmentos inorg\u00e1nicos","description":"Especialistas en la fabricaci\u00f3n de pigmentos inorg\u00e1nicos","publisher":{"@id":"https:\/\/www.gc-colors.com\/en\/#organization"},"potentialAction":[{"@type":"SearchAction","target":{"@type":"EntryPoint","urlTemplate":"https:\/\/www.gc-colors.com\/en\/?s={search_term_string}"},"query-input":{"@type":"PropertyValueSpecification","valueRequired":true,"valueName":"search_term_string"}}],"inLanguage":"en-US"},{"@type":"Organization","@id":"https:\/\/www.gc-colors.com\/en\/#organization","name":"GC-Colors","url":"https:\/\/www.gc-colors.com\/en\/","logo":{"@type":"ImageObject","inLanguage":"en-US","@id":"https:\/\/www.gc-colors.com\/en\/#\/schema\/logo\/image\/","url":"https:\/\/www.gc-colors.com\/wp-content\/uploads\/2024\/03\/LOGO.png","contentUrl":"https:\/\/www.gc-colors.com\/wp-content\/uploads\/2024\/03\/LOGO.png","width":163,"height":67,"caption":"GC-Colors"},"image":{"@id":"https:\/\/www.gc-colors.com\/en\/#\/schema\/logo\/image\/"},"sameAs":["https:\/\/www.facebook.com\/GCcolors\/","https:\/\/x.com\/gccolors","https:\/\/www.linkedin.com\/company\/gyccolors?originalSubdomain=es"]}]}},"_links":{"self":[{"href":"https:\/\/www.gc-colors.com\/en\/wp-json\/wp\/v2\/product\/3208","targetHints":{"allow":["GET"]}}],"collection":[{"href":"https:\/\/www.gc-colors.com\/en\/wp-json\/wp\/v2\/product"}],"about":[{"href":"https:\/\/www.gc-colors.com\/en\/wp-json\/wp\/v2\/types\/product"}],"version-history":[{"count":1,"href":"https:\/\/www.gc-colors.com\/en\/wp-json\/wp\/v2\/product\/3208\/revisions"}],"predecessor-version":[{"id":6051,"href":"https:\/\/www.gc-colors.com\/en\/wp-json\/wp\/v2\/product\/3208\/revisions\/6051"}],"wp:featuredmedia":[{"embeddable":true,"href":"https:\/\/www.gc-colors.com\/en\/wp-json\/wp\/v2\/media\/7116"}],"wp:attachment":[{"href":"https:\/\/www.gc-colors.com\/en\/wp-json\/wp\/v2\/media?parent=3208"}],"wp:term":[{"taxonomy":"product_brand","embeddable":true,"href":"https:\/\/www.gc-colors.com\/en\/wp-json\/wp\/v2\/product_brand?post=3208"},{"taxonomy":"product_cat","embeddable":true,"href":"https:\/\/www.gc-colors.com\/en\/wp-json\/wp\/v2\/product_cat?post=3208"},{"taxonomy":"product_tag","embeddable":true,"href":"https:\/\/www.gc-colors.com\/en\/wp-json\/wp\/v2\/product_tag?post=3208"}],"curies":[{"name":"wp","href":"https:\/\/api.w.org\/{rel}","templated":true}]}}