{"id":6595,"date":"2024-10-03T11:20:08","date_gmt":"2024-10-03T09:20:08","guid":{"rendered":"http:\/\/desarrollo.gc-colors.com.5-175-45-53.panelninsoft.es\/?page_id=6595"},"modified":"2024-10-24T13:25:25","modified_gmt":"2024-10-24T11:25:25","slug":"paints","status":"publish","type":"page","link":"https:\/\/www.gc-colors.com\/en\/paints\/","title":{"rendered":"Paint"},"content":{"rendered":"\t\t<div data-elementor-type=\"wp-page\" data-elementor-id=\"6595\" class=\"elementor elementor-6595 elementor-6594\" data-elementor-post-type=\"page\">\n\t\t\t\t\t\t<section class=\"elementor-section elementor-top-section elementor-element elementor-element-bc6a19d elementor-section-boxed elementor-section-height-default elementor-section-height-default\" data-id=\"bc6a19d\" data-element_type=\"section\" data-settings=\"{&quot;background_background&quot;:&quot;classic&quot;}\">\n\t\t\t\t\t\t<div class=\"elementor-container elementor-column-gap-default\">\n\t\t\t\t\t<div class=\"elementor-column elementor-col-100 elementor-top-column elementor-element elementor-element-61001ba\" data-id=\"61001ba\" data-element_type=\"column\">\n\t\t\t<div class=\"elementor-widget-wrap elementor-element-populated\">\n\t\t\t\t\t\t<div class=\"elementor-element elementor-element-619e5d7 elementor-widget elementor-widget-woocommerce-breadcrumb\" data-id=\"619e5d7\" data-element_type=\"widget\" data-widget_type=\"woocommerce-breadcrumb.default\">\n\t\t\t\t<div class=\"elementor-widget-container\">\n\t\t\t<link rel=\"stylesheet\" href=\"https:\/\/www.gc-colors.com\/wp-content\/plugins\/elementor-pro\/assets\/css\/widget-woocommerce.min.css\"><nav class=\"woocommerce-breadcrumb\" aria-label=\"Breadcrumb\">Home<\/nav>\t\t<\/div>\n\t\t\t\t<\/div>\n\t\t\t\t\t<\/div>\n\t\t<\/div>\n\t\t\t\t\t<\/div>\n\t\t<\/section>\n\t\t\t\t<section class=\"elementor-section elementor-top-section elementor-element elementor-element-130cd4a elementor-section-boxed elementor-section-height-default elementor-section-height-default\" data-id=\"130cd4a\" data-element_type=\"section\" data-settings=\"{&quot;background_background&quot;:&quot;classic&quot;}\">\n\t\t\t\t\t\t<div class=\"elementor-container elementor-column-gap-default\">\n\t\t\t\t\t<div class=\"elementor-column elementor-col-100 elementor-top-column elementor-element elementor-element-f81f096\" data-id=\"f81f096\" data-element_type=\"column\" data-settings=\"{&quot;background_background&quot;:&quot;classic&quot;}\">\n\t\t\t<div class=\"elementor-widget-wrap elementor-element-populated\">\n\t\t\t\t\t\t<section class=\"elementor-section elementor-inner-section elementor-element elementor-element-840aaad elementor-section-height-min-height elementor-section-content-middle elementor-section-boxed elementor-section-height-default\" data-id=\"840aaad\" data-element_type=\"section\">\n\t\t\t\t\t\t<div class=\"elementor-container elementor-column-gap-default\">\n\t\t\t\t\t<div class=\"elementor-column elementor-col-50 elementor-inner-column elementor-element elementor-element-8c4607e\" data-id=\"8c4607e\" data-element_type=\"column\">\n\t\t\t<div class=\"elementor-widget-wrap elementor-element-populated\">\n\t\t\t\t\t\t<div class=\"elementor-element elementor-element-daea59e elementor-widget elementor-widget-heading\" data-id=\"daea59e\" data-element_type=\"widget\" data-widget_type=\"heading.default\">\n\t\t\t\t<div class=\"elementor-widget-container\">\n\t\t\t<style>\/*! elementor - v3.21.0 - 26-05-2024 *\/\n.elementor-heading-title{padding:0;margin:0;line-height:1}.elementor-widget-heading .elementor-heading-title[class*=elementor-size-]>a{color:inherit;font-size:inherit;line-height:inherit}.elementor-widget-heading .elementor-heading-title.elementor-size-small{font-size:15px}.elementor-widget-heading .elementor-heading-title.elementor-size-medium{font-size:19px}.elementor-widget-heading .elementor-heading-title.elementor-size-large{font-size:29px}.elementor-widget-heading .elementor-heading-title.elementor-size-xl{font-size:39px}.elementor-widget-heading .elementor-heading-title.elementor-size-xxl{font-size:59px}<\/style><h1 class=\"elementor-heading-title elementor-size-default\">Paint<\/h1>\t\t<\/div>\n\t\t\t\t<\/div>\n\t\t\t\t\t<\/div>\n\t\t<\/div>\n\t\t\t\t<div class=\"elementor-column elementor-col-50 elementor-inner-column elementor-element elementor-element-1e3ee87\" data-id=\"1e3ee87\" data-element_type=\"column\" data-settings=\"{&quot;background_background&quot;:&quot;classic&quot;}\">\n\t\t\t<div class=\"elementor-widget-wrap elementor-element-populated\">\n\t\t\t\t\t\t<div class=\"elementor-element elementor-element-bfc9aef elementor-widget elementor-widget-image\" data-id=\"bfc9aef\" data-element_type=\"widget\" data-widget_type=\"image.default\">\n\t\t\t\t<div class=\"elementor-widget-container\">\n\t\t\t<style>\/*! elementor - v3.21.0 - 26-05-2024 *\/\n.elementor-widget-image{text-align:center}.elementor-widget-image a{display:inline-block}.elementor-widget-image a img[src$=\".svg\"]{width:48px}.elementor-widget-image img{vertical-align:middle;display:inline-block}<\/style>\t\t\t\t\t\t\t\t\t\t<img decoding=\"async\" width=\"122\" height=\"49\" src=\"https:\/\/www.gc-colors.com\/wp-content\/uploads\/2020\/09\/chromafer.svg\" class=\"attachment-full size-full wp-image-2632\" alt=\"\" \/>\t\t\t\t\t\t\t\t\t\t\t\t\t<\/div>\n\t\t\t\t<\/div>\n\t\t\t\t\t<\/div>\n\t\t<\/div>\n\t\t\t\t\t<\/div>\n\t\t<\/section>\n\t\t\t\t\t<\/div>\n\t\t<\/div>\n\t\t\t\t\t<\/div>\n\t\t<\/section>\n\t\t\t\t<section class=\"elementor-section elementor-top-section elementor-element elementor-element-56b77b1 elementor-section-boxed elementor-section-height-default elementor-section-height-default\" data-id=\"56b77b1\" data-element_type=\"section\">\n\t\t\t\t\t\t<div class=\"elementor-container elementor-column-gap-default\">\n\t\t\t\t\t<div class=\"elementor-column elementor-col-50 elementor-top-column elementor-element elementor-element-5e23138\" data-id=\"5e23138\" data-element_type=\"column\">\n\t\t\t<div class=\"elementor-widget-wrap elementor-element-populated\">\n\t\t\t\t\t\t<div class=\"elementor-element elementor-element-17a80b4 elementor-widget elementor-widget-heading\" data-id=\"17a80b4\" data-element_type=\"widget\" data-widget_type=\"heading.default\">\n\t\t\t\t<div class=\"elementor-widget-container\">\n\t\t\t<h2 class=\"elementor-heading-title elementor-size-default\">CHROMAFER PIGMENTS FOR PAINT<\/h2>\t\t<\/div>\n\t\t\t\t<\/div>\n\t\t\t\t<div class=\"elementor-element elementor-element-21b6d81 elementor-widget elementor-widget-text-editor\" data-id=\"21b6d81\" data-element_type=\"widget\" data-widget_type=\"text-editor.default\">\n\t\t\t\t<div class=\"elementor-widget-container\">\n\t\t\t<style>\/*! elementor - v3.21.0 - 26-05-2024 *\/\n.elementor-widget-text-editor.elementor-drop-cap-view-stacked .elementor-drop-cap{background-color:#69727d;color:#fff}.elementor-widget-text-editor.elementor-drop-cap-view-framed .elementor-drop-cap{color:#69727d;border:3px solid;background-color:transparent}.elementor-widget-text-editor:not(.elementor-drop-cap-view-default) .elementor-drop-cap{margin-top:8px}.elementor-widget-text-editor:not(.elementor-drop-cap-view-default) .elementor-drop-cap-letter{width:1em;height:1em}.elementor-widget-text-editor .elementor-drop-cap{float:left;text-align:center;line-height:1;font-size:50px}.elementor-widget-text-editor .elementor-drop-cap-letter{display:inline-block}<\/style>\t\t\t\t<p><strong>With extensive experience in the market, in G&amp;C Colors we are experts in the manufacture of high-quality pigments for the Paint sector.<\/strong><\/p><p>In our color chart you can find iron oxides, green chromium oxides, cobalt blue, nickel titanate yellow and cobalt green.<\/p>\t\t\t\t\t\t<\/div>\n\t\t\t\t<\/div>\n\t\t\t\t\t<\/div>\n\t\t<\/div>\n\t\t\t\t<div class=\"elementor-column elementor-col-50 elementor-top-column elementor-element elementor-element-1e826bc\" data-id=\"1e826bc\" data-element_type=\"column\">\n\t\t\t<div class=\"elementor-widget-wrap elementor-element-populated\">\n\t\t\t\t\t\t<div class=\"elementor-element elementor-element-99d2524 elementor-widget elementor-widget-image\" data-id=\"99d2524\" data-element_type=\"widget\" data-widget_type=\"image.default\">\n\t\t\t\t<div class=\"elementor-widget-container\">\n\t\t\t\t\t\t\t\t\t\t\t\t\t<img fetchpriority=\"high\" decoding=\"async\" width=\"251\" height=\"362\" src=\"https:\/\/www.gc-colors.com\/wp-content\/uploads\/2024\/07\/pintura-e1719830768663.jpg\" class=\"attachment-large size-large wp-image-6625\" alt=\"\" \/>\t\t\t\t\t\t\t\t\t\t\t\t\t<\/div>\n\t\t\t\t<\/div>\n\t\t\t\t\t<\/div>\n\t\t<\/div>\n\t\t\t\t\t<\/div>\n\t\t<\/section>\n\t\t\t\t<section class=\"elementor-section elementor-top-section elementor-element elementor-element-8b939b2 elementor-section-boxed elementor-section-height-default elementor-section-height-default\" data-id=\"8b939b2\" data-element_type=\"section\" data-settings=\"{&quot;background_background&quot;:&quot;classic&quot;}\">\n\t\t\t\t\t\t<div class=\"elementor-container elementor-column-gap-default\">\n\t\t\t\t\t<div class=\"elementor-column elementor-col-100 elementor-top-column elementor-element elementor-element-ebc6ae0\" data-id=\"ebc6ae0\" data-element_type=\"column\" data-settings=\"{&quot;background_background&quot;:&quot;classic&quot;}\">\n\t\t\t<div class=\"elementor-widget-wrap elementor-element-populated\">\n\t\t\t\t\t\t<section class=\"elementor-section elementor-inner-section elementor-element elementor-element-0c4dfcd elementor-section-boxed elementor-section-height-default elementor-section-height-default\" data-id=\"0c4dfcd\" data-element_type=\"section\">\n\t\t\t\t\t\t<div class=\"elementor-container elementor-column-gap-default\">\n\t\t\t\t\t<div class=\"elementor-column elementor-col-33 elementor-inner-column elementor-element elementor-element-56f7236 elementor-hidden-mobile\" data-id=\"56f7236\" data-element_type=\"column\">\n\t\t\t<div class=\"elementor-widget-wrap\">\n\t\t\t\t\t\t\t<\/div>\n\t\t<\/div>\n\t\t\t\t<div data-eac_settings-link=\"{&quot;url&quot;:&quot;href=\\&quot;https:\\\/\\\/www.gc-colors.com\\\/wp-content\\\/uploads\\\/2024\\\/07\\\/WEB-Carta-Color-Pinturas-2023.pdf\\&quot; target=\\&quot;_blank\\&quot; title=\\&quot;Cat\\u00e1logo de pinturas\\&quot; class=\\&quot;eac-accessible-link eac-element-link\\&quot; rel=\\&quot;noopener noreferrer\\&quot;&quot;}\" class=\"elementor-column elementor-col-33 elementor-inner-column elementor-element elementor-element-9d93d18\" data-id=\"9d93d18\" data-element_type=\"column\">\n\t\t\t<div class=\"elementor-widget-wrap elementor-element-populated\">\n\t\t\t\t\t\t<section class=\"elementor-section elementor-inner-section elementor-element elementor-element-db56122 animated-slow elementor-section-boxed elementor-section-height-default elementor-section-height-default elementor-invisible\" data-id=\"db56122\" data-element_type=\"section\" data-settings=\"{&quot;background_background&quot;:&quot;classic&quot;,&quot;animation&quot;:&quot;fadeInDown&quot;}\">\n\t\t\t\t\t\t<div class=\"elementor-container elementor-column-gap-default\">\n\t\t\t\t\t<div class=\"elementor-column elementor-col-33 elementor-inner-column elementor-element elementor-element-4943fa1\" data-id=\"4943fa1\" data-element_type=\"column\">\n\t\t\t<div class=\"elementor-widget-wrap elementor-element-populated\">\n\t\t\t\t\t\t<div class=\"elementor-element elementor-element-8344c82 elementor-widget__width-initial elementor-widget elementor-widget-image\" data-id=\"8344c82\" data-element_type=\"widget\" data-widget_type=\"image.default\">\n\t\t\t\t<div class=\"elementor-widget-container\">\n\t\t\t\t\t\t\t\t\t\t\t\t\t<img decoding=\"async\" width=\"29\" height=\"29\" src=\"https:\/\/www.gc-colors.com\/wp-content\/uploads\/2024\/04\/Grupo-182.png\" class=\"attachment-large size-large wp-image-5329\" alt=\"\" \/>\t\t\t\t\t\t\t\t\t\t\t\t\t<\/div>\n\t\t\t\t<\/div>\n\t\t\t\t\t<\/div>\n\t\t<\/div>\n\t\t\t\t<div class=\"elementor-column elementor-col-33 elementor-inner-column elementor-element elementor-element-ede6ba4\" data-id=\"ede6ba4\" data-element_type=\"column\">\n\t\t\t<div class=\"elementor-widget-wrap elementor-element-populated\">\n\t\t\t\t\t\t<div class=\"elementor-element elementor-element-84a9d7d elementor-widget elementor-widget-heading\" data-id=\"84a9d7d\" data-element_type=\"widget\" data-widget_type=\"heading.default\">\n\t\t\t\t<div class=\"elementor-widget-container\">\n\t\t\t<h4 class=\"elementor-heading-title elementor-size-default\">Paint Catalog<\/h4>\t\t<\/div>\n\t\t\t\t<\/div>\n\t\t\t\t\t<\/div>\n\t\t<\/div>\n\t\t\t\t<div class=\"elementor-column elementor-col-33 elementor-inner-column elementor-element elementor-element-f1fadb3\" data-id=\"f1fadb3\" data-element_type=\"column\">\n\t\t\t<div class=\"elementor-widget-wrap elementor-element-populated\">\n\t\t\t\t\t\t<div class=\"elementor-element elementor-element-92b6a1c elementor-widget__width-initial elementor-widget elementor-widget-image\" data-id=\"92b6a1c\" data-element_type=\"widget\" data-widget_type=\"image.default\">\n\t\t\t\t<div class=\"elementor-widget-container\">\n\t\t\t\t\t\t\t\t\t\t\t\t\t<img loading=\"lazy\" decoding=\"async\" width=\"15\" height=\"18\" src=\"https:\/\/www.gc-colors.com\/wp-content\/uploads\/2024\/03\/Poligono-2.svg\" class=\"attachment-large size-large wp-image-5226\" alt=\"\" \/>\t\t\t\t\t\t\t\t\t\t\t\t\t<\/div>\n\t\t\t\t<\/div>\n\t\t\t\t\t<\/div>\n\t\t<\/div>\n\t\t\t\t\t<\/div>\n\t\t<\/section>\n\t\t\t\t\t<\/div>\n\t\t<\/div>\n\t\t\t\t<div class=\"elementor-column elementor-col-33 elementor-inner-column elementor-element elementor-element-8d1695d elementor-hidden-mobile\" data-id=\"8d1695d\" data-element_type=\"column\">\n\t\t\t<div class=\"elementor-widget-wrap\">\n\t\t\t\t\t\t\t<\/div>\n\t\t<\/div>\n\t\t\t\t\t<\/div>\n\t\t<\/section>\n\t\t\t\t\t<\/div>\n\t\t<\/div>\n\t\t\t\t\t<\/div>\n\t\t<\/section>\n\t\t\t\t<section class=\"elementor-section elementor-top-section elementor-element elementor-element-fde16b1 elementor-section-boxed elementor-section-height-default elementor-section-height-default elementor-invisible\" data-id=\"fde16b1\" data-element_type=\"section\" data-settings=\"{&quot;background_background&quot;:&quot;classic&quot;,&quot;animation&quot;:&quot;fadeIn&quot;}\">\n\t\t\t\t\t\t<div class=\"elementor-container elementor-column-gap-default\">\n\t\t\t\t\t<div class=\"elementor-column elementor-col-100 elementor-top-column elementor-element elementor-element-dc6fe58\" data-id=\"dc6fe58\" data-element_type=\"column\" data-settings=\"{&quot;background_background&quot;:&quot;classic&quot;}\">\n\t\t\t<div class=\"elementor-widget-wrap elementor-element-populated\">\n\t\t\t\t\t<div class=\"elementor-background-overlay\"><\/div>\n\t\t\t\t\t\t<div class=\"elementor-element elementor-element-f9cf07b elementor-widget elementor-widget-text-editor\" data-id=\"f9cf07b\" data-element_type=\"widget\" data-widget_type=\"text-editor.default\">\n\t\t\t\t<div class=\"elementor-widget-container\">\n\t\t\t\t\t\t\t<p><strong>Are you looking for other colors or have questions about a shade?<\/strong><\/p>\n\t\t\t\t\t\t<\/div>\n\t\t\t\t<\/div>\n\t\t\t\t<div class=\"elementor-element elementor-element-81e5c74 elementor-widget elementor-widget-text-editor\" data-id=\"81e5c74\" data-element_type=\"widget\" data-widget_type=\"text-editor.default\">\n\t\t\t\t<div class=\"elementor-widget-container\">\n\t\t\t\t\t\t\t<p>We have a wide range of colors, but in addition, GC Colors are manufacturers and we can prepare for you the exact color that your project requires. We will be happy to help you with any questions or needs you may have. <\/p>\n\t\t\t\t\t\t<\/div>\n\t\t\t\t<\/div>\n\t\t\t\t<div class=\"elementor-element elementor-element-ed05992 elementor-align-center animated-slow elementor-invisible elementor-widget elementor-widget-button\" data-id=\"ed05992\" data-element_type=\"widget\" data-settings=\"{&quot;_animation&quot;:&quot;fadeInUp&quot;}\" data-widget_type=\"button.default\">\n\t\t\t\t<div class=\"elementor-widget-container\">\n\t\t\t\t\t<div class=\"elementor-button-wrapper\">\n\t\t\t<a class=\"elementor-button elementor-button-link elementor-size-lg\" href=\"https:\/\/www.gc-colors.com\/en\/contact\/\">\n\t\t\t\t\t\t<span class=\"elementor-button-content-wrapper\">\n\t\t\t\t\t\t\t\t\t<span class=\"elementor-button-text\">Contact us now<\/span>\n\t\t\t\t\t<\/span>\n\t\t\t\t\t<\/a>\n\t\t<\/div>\n\t\t\t\t<\/div>\n\t\t\t\t<\/div>\n\t\t\t\t\t<\/div>\n\t\t<\/div>\n\t\t\t\t\t<\/div>\n\t\t<\/section>\n\t\t\t\t<\/div>\n\t\t","protected":false},"excerpt":{"rendered":"<p>CHROMAFER PIGMENTS FOR PAINT With extensive experience in the market, in G&amp;C Colors we are experts in the manufacture of high-quality pigments for the Paint sector. In our color chart you can find iron oxides, green chromium oxides, cobalt blue, nickel titanate yellow and cobalt green. Paint Catalog Are you looking for other colors or [&hellip;]<\/p>\n","protected":false},"author":1,"featured_media":0,"parent":0,"menu_order":0,"comment_status":"closed","ping_status":"closed","template":"","meta":{"footnotes":""},"class_list":["post-6595","page","type-page","status-publish","hentry"],"yoast_head":"<!-- This site is optimized with the Yoast SEO plugin v25.1 - https:\/\/yoast.com\/wordpress\/plugins\/seo\/ -->\n<title>Paint - G&amp;C Colors, especialistas en la fabricaci\u00f3n de pigmentos inorg\u00e1nicos<\/title>\n<meta name=\"robots\" content=\"index, follow, max-snippet:-1, max-image-preview:large, max-video-preview:-1\" \/>\n<link rel=\"canonical\" href=\"https:\/\/www.gc-colors.com\/en\/paints\/\" \/>\n<meta property=\"og:locale\" content=\"en_US\" \/>\n<meta property=\"og:type\" content=\"article\" \/>\n<meta property=\"og:title\" content=\"Paint - G&amp;C Colors, especialistas en la fabricaci\u00f3n de pigmentos inorg\u00e1nicos\" \/>\n<meta property=\"og:description\" content=\"CHROMAFER PIGMENTS FOR PAINT With extensive experience in the market, in G&amp;C Colors we are experts in the manufacture of high-quality pigments for the Paint sector. In our color chart you can find iron oxides, green chromium oxides, cobalt blue, nickel titanate yellow and cobalt green. Paint Catalog Are you looking for other colors or [&hellip;]\" \/>\n<meta property=\"og:url\" content=\"https:\/\/www.gc-colors.com\/en\/paints\/\" \/>\n<meta property=\"og:site_name\" content=\"G&amp;C Colors, especialistas en la fabricaci\u00f3n de pigmentos inorg\u00e1nicos\" \/>\n<meta property=\"article:publisher\" content=\"https:\/\/www.facebook.com\/GCcolors\/\" \/>\n<meta property=\"article:modified_time\" content=\"2024-10-24T11:25:25+00:00\" \/>\n<meta property=\"og:image\" content=\"https:\/\/www.gc-colors.com\/wp-content\/uploads\/2020\/09\/chromafer.svg\" \/>\n<meta name=\"twitter:card\" content=\"summary_large_image\" \/>\n<meta name=\"twitter:site\" content=\"@gccolors\" \/>\n<meta name=\"twitter:label1\" content=\"Est. reading time\" \/>\n\t<meta name=\"twitter:data1\" content=\"2 minutes\" \/>\n<script type=\"application\/ld+json\" class=\"yoast-schema-graph\">{\"@context\":\"https:\/\/schema.org\",\"@graph\":[{\"@type\":\"WebPage\",\"@id\":\"https:\/\/www.gc-colors.com\/en\/paints\/\",\"url\":\"https:\/\/www.gc-colors.com\/en\/paints\/\",\"name\":\"Paint - G&amp;C Colors, especialistas en la fabricaci\u00f3n de pigmentos inorg\u00e1nicos\",\"isPartOf\":{\"@id\":\"https:\/\/www.gc-colors.com\/en\/#website\"},\"primaryImageOfPage\":{\"@id\":\"https:\/\/www.gc-colors.com\/en\/paints\/#primaryimage\"},\"image\":{\"@id\":\"https:\/\/www.gc-colors.com\/en\/paints\/#primaryimage\"},\"thumbnailUrl\":\"https:\/\/www.gc-colors.com\/wp-content\/uploads\/2020\/09\/chromafer.svg\",\"datePublished\":\"2024-10-03T09:20:08+00:00\",\"dateModified\":\"2024-10-24T11:25:25+00:00\",\"breadcrumb\":{\"@id\":\"https:\/\/www.gc-colors.com\/en\/paints\/#breadcrumb\"},\"inLanguage\":\"en-US\",\"potentialAction\":[{\"@type\":\"ReadAction\",\"target\":[\"https:\/\/www.gc-colors.com\/en\/paints\/\"]}]},{\"@type\":\"ImageObject\",\"inLanguage\":\"en-US\",\"@id\":\"https:\/\/www.gc-colors.com\/en\/paints\/#primaryimage\",\"url\":\"https:\/\/www.gc-colors.com\/wp-content\/uploads\/2020\/09\/chromafer.svg\",\"contentUrl\":\"https:\/\/www.gc-colors.com\/wp-content\/uploads\/2020\/09\/chromafer.svg\"},{\"@type\":\"BreadcrumbList\",\"@id\":\"https:\/\/www.gc-colors.com\/en\/paints\/#breadcrumb\",\"itemListElement\":[{\"@type\":\"ListItem\",\"position\":1,\"name\":\"Portada\",\"item\":\"https:\/\/www.gc-colors.com\/en\/\"},{\"@type\":\"ListItem\",\"position\":2,\"name\":\"Paint\"}]},{\"@type\":\"WebSite\",\"@id\":\"https:\/\/www.gc-colors.com\/en\/#website\",\"url\":\"https:\/\/www.gc-colors.com\/en\/\",\"name\":\"G&c Colors, especialistas en la fabricaci\u00f3n de pigmentos inorg\u00e1nicos\",\"description\":\"Especialistas en la fabricaci\u00f3n de pigmentos inorg\u00e1nicos\",\"publisher\":{\"@id\":\"https:\/\/www.gc-colors.com\/en\/#organization\"},\"potentialAction\":[{\"@type\":\"SearchAction\",\"target\":{\"@type\":\"EntryPoint\",\"urlTemplate\":\"https:\/\/www.gc-colors.com\/en\/?s={search_term_string}\"},\"query-input\":{\"@type\":\"PropertyValueSpecification\",\"valueRequired\":true,\"valueName\":\"search_term_string\"}}],\"inLanguage\":\"en-US\"},{\"@type\":\"Organization\",\"@id\":\"https:\/\/www.gc-colors.com\/en\/#organization\",\"name\":\"GC-Colors\",\"url\":\"https:\/\/www.gc-colors.com\/en\/\",\"logo\":{\"@type\":\"ImageObject\",\"inLanguage\":\"en-US\",\"@id\":\"https:\/\/www.gc-colors.com\/en\/#\/schema\/logo\/image\/\",\"url\":\"https:\/\/www.gc-colors.com\/wp-content\/uploads\/2024\/03\/LOGO.png\",\"contentUrl\":\"https:\/\/www.gc-colors.com\/wp-content\/uploads\/2024\/03\/LOGO.png\",\"width\":163,\"height\":67,\"caption\":\"GC-Colors\"},\"image\":{\"@id\":\"https:\/\/www.gc-colors.com\/en\/#\/schema\/logo\/image\/\"},\"sameAs\":[\"https:\/\/www.facebook.com\/GCcolors\/\",\"https:\/\/x.com\/gccolors\",\"https:\/\/www.linkedin.com\/company\/gyccolors?originalSubdomain=es\"]}]}<\/script>\n<!-- \/ Yoast SEO plugin. -->","yoast_head_json":{"title":"Paint - G&amp;C Colors, especialistas en la fabricaci\u00f3n de pigmentos inorg\u00e1nicos","robots":{"index":"index","follow":"follow","max-snippet":"max-snippet:-1","max-image-preview":"max-image-preview:large","max-video-preview":"max-video-preview:-1"},"canonical":"https:\/\/www.gc-colors.com\/en\/paints\/","og_locale":"en_US","og_type":"article","og_title":"Paint - G&amp;C Colors, especialistas en la fabricaci\u00f3n de pigmentos inorg\u00e1nicos","og_description":"CHROMAFER PIGMENTS FOR PAINT With extensive experience in the market, in G&amp;C Colors we are experts in the manufacture of high-quality pigments for the Paint sector. In our color chart you can find iron oxides, green chromium oxides, cobalt blue, nickel titanate yellow and cobalt green. Paint Catalog Are you looking for other colors or [&hellip;]","og_url":"https:\/\/www.gc-colors.com\/en\/paints\/","og_site_name":"G&amp;C Colors, especialistas en la fabricaci\u00f3n de pigmentos inorg\u00e1nicos","article_publisher":"https:\/\/www.facebook.com\/GCcolors\/","article_modified_time":"2024-10-24T11:25:25+00:00","og_image":[{"url":"https:\/\/www.gc-colors.com\/wp-content\/uploads\/2020\/09\/chromafer.svg","type":"","width":"","height":""}],"twitter_card":"summary_large_image","twitter_site":"@gccolors","twitter_misc":{"Est. reading time":"2 minutes"},"schema":{"@context":"https:\/\/schema.org","@graph":[{"@type":"WebPage","@id":"https:\/\/www.gc-colors.com\/en\/paints\/","url":"https:\/\/www.gc-colors.com\/en\/paints\/","name":"Paint - G&amp;C Colors, especialistas en la fabricaci\u00f3n de pigmentos inorg\u00e1nicos","isPartOf":{"@id":"https:\/\/www.gc-colors.com\/en\/#website"},"primaryImageOfPage":{"@id":"https:\/\/www.gc-colors.com\/en\/paints\/#primaryimage"},"image":{"@id":"https:\/\/www.gc-colors.com\/en\/paints\/#primaryimage"},"thumbnailUrl":"https:\/\/www.gc-colors.com\/wp-content\/uploads\/2020\/09\/chromafer.svg","datePublished":"2024-10-03T09:20:08+00:00","dateModified":"2024-10-24T11:25:25+00:00","breadcrumb":{"@id":"https:\/\/www.gc-colors.com\/en\/paints\/#breadcrumb"},"inLanguage":"en-US","potentialAction":[{"@type":"ReadAction","target":["https:\/\/www.gc-colors.com\/en\/paints\/"]}]},{"@type":"ImageObject","inLanguage":"en-US","@id":"https:\/\/www.gc-colors.com\/en\/paints\/#primaryimage","url":"https:\/\/www.gc-colors.com\/wp-content\/uploads\/2020\/09\/chromafer.svg","contentUrl":"https:\/\/www.gc-colors.com\/wp-content\/uploads\/2020\/09\/chromafer.svg"},{"@type":"BreadcrumbList","@id":"https:\/\/www.gc-colors.com\/en\/paints\/#breadcrumb","itemListElement":[{"@type":"ListItem","position":1,"name":"Portada","item":"https:\/\/www.gc-colors.com\/en\/"},{"@type":"ListItem","position":2,"name":"Paint"}]},{"@type":"WebSite","@id":"https:\/\/www.gc-colors.com\/en\/#website","url":"https:\/\/www.gc-colors.com\/en\/","name":"G&c Colors, especialistas en la fabricaci\u00f3n de pigmentos inorg\u00e1nicos","description":"Especialistas en la fabricaci\u00f3n de pigmentos inorg\u00e1nicos","publisher":{"@id":"https:\/\/www.gc-colors.com\/en\/#organization"},"potentialAction":[{"@type":"SearchAction","target":{"@type":"EntryPoint","urlTemplate":"https:\/\/www.gc-colors.com\/en\/?s={search_term_string}"},"query-input":{"@type":"PropertyValueSpecification","valueRequired":true,"valueName":"search_term_string"}}],"inLanguage":"en-US"},{"@type":"Organization","@id":"https:\/\/www.gc-colors.com\/en\/#organization","name":"GC-Colors","url":"https:\/\/www.gc-colors.com\/en\/","logo":{"@type":"ImageObject","inLanguage":"en-US","@id":"https:\/\/www.gc-colors.com\/en\/#\/schema\/logo\/image\/","url":"https:\/\/www.gc-colors.com\/wp-content\/uploads\/2024\/03\/LOGO.png","contentUrl":"https:\/\/www.gc-colors.com\/wp-content\/uploads\/2024\/03\/LOGO.png","width":163,"height":67,"caption":"GC-Colors"},"image":{"@id":"https:\/\/www.gc-colors.com\/en\/#\/schema\/logo\/image\/"},"sameAs":["https:\/\/www.facebook.com\/GCcolors\/","https:\/\/x.com\/gccolors","https:\/\/www.linkedin.com\/company\/gyccolors?originalSubdomain=es"]}]}},"_links":{"self":[{"href":"https:\/\/www.gc-colors.com\/en\/wp-json\/wp\/v2\/pages\/6595","targetHints":{"allow":["GET"]}}],"collection":[{"href":"https:\/\/www.gc-colors.com\/en\/wp-json\/wp\/v2\/pages"}],"about":[{"href":"https:\/\/www.gc-colors.com\/en\/wp-json\/wp\/v2\/types\/page"}],"author":[{"embeddable":true,"href":"https:\/\/www.gc-colors.com\/en\/wp-json\/wp\/v2\/users\/1"}],"replies":[{"embeddable":true,"href":"https:\/\/www.gc-colors.com\/en\/wp-json\/wp\/v2\/comments?post=6595"}],"version-history":[{"count":15,"href":"https:\/\/www.gc-colors.com\/en\/wp-json\/wp\/v2\/pages\/6595\/revisions"}],"predecessor-version":[{"id":8244,"href":"https:\/\/www.gc-colors.com\/en\/wp-json\/wp\/v2\/pages\/6595\/revisions\/8244"}],"wp:attachment":[{"href":"https:\/\/www.gc-colors.com\/en\/wp-json\/wp\/v2\/media?parent=6595"}],"curies":[{"name":"wp","href":"https:\/\/api.w.org\/{rel}","templated":true}]}}